{"id":1628,"date":"2026-02-03T03:33:04","date_gmt":"2026-02-03T02:33:04","guid":{"rendered":"https:\/\/paradisdesbonbons.com\/?post_type=product&#038;p=1628"},"modified":"2026-03-04T18:42:10","modified_gmt":"2026-03-04T17:42:10","slug":"mini-bouteille-en-forme-de-coeur","status":"publish","type":"product","link":"https:\/\/paradisdesbonbons.com\/en\/product\/mini-bouteille-en-forme-de-coeur\/","title":{"rendered":"Mini Heart-Shaped Bottle"},"content":{"rendered":"","protected":false},"excerpt":{"rendered":"<p>70 ml Heart-Shaped Mini Bottles with Cork Stoppers, Labels, and String (Set of 12) \u2013 Decorative Glass Vials \u2013 Small Wedding Vials<\/p>","protected":false},"featured_media":1629,"comment_status":"open","ping_status":"closed","template":"","meta":{"jetpack_publicize_message":"","jetpack_publicize_feature_enabled":true,"jetpack_social_post_already_shared":false,"jetpack_social_options":{"image_generator_settings":{"template":"highway","default_image_id":0,"font":"","enabled":false},"version":2}},"product_brand":[],"product_cat":[126],"product_tag":[171,172,170,173,174],"class_list":{"0":"post-1628","1":"product","2":"type-product","3":"status-publish","4":"has-post-thumbnail","6":"product_cat-accessoires","7":"product_tag-contenant-dragees-mariage","8":"product_tag-diy-cadeau-invite","9":"product_tag-fiole-verre-coeur","10":"product_tag-flacon-liege-decoratif","11":"product_tag-petit-pot-verre-artisanal","13":"first","14":"instock","15":"shipping-taxable","16":"purchasable","17":"product-type-simple"},"yoast_head":"<!-- This site is optimized with the Yoast SEO plugin v27.4 - https:\/\/yoast.com\/product\/yoast-seo-wordpress\/ -->\n<title>Mini Bouteille en Forme de C\u0153ur - Paradis des Bonbons<\/title>\n<meta name=\"robots\" content=\"index, follow, max-snippet:-1, max-image-preview:large, max-video-preview:-1\" \/>\n<link rel=\"canonical\" href=\"https:\/\/paradisdesbonbons.com\/en\/product\/mini-bouteille-en-forme-de-coeur\/\" \/>\n<meta property=\"og:locale\" content=\"en_US\" \/>\n<meta property=\"og:type\" content=\"article\" \/>\n<meta property=\"og:title\" content=\"Mini Bouteille en Forme de C\u0153ur - Paradis des Bonbons\" \/>\n<meta property=\"og:description\" content=\"Mini Bouteille en Forme de C\u0153ur de 70 ml Avec Bouchons en Li\u00e8ge, \u00c9tiquettes &amp; Ficelles (Lot de 12) - Fiole en Verre D\u00e9corative - Petite Fiole Mariage\" \/>\n<meta property=\"og:url\" content=\"https:\/\/paradisdesbonbons.com\/en\/product\/mini-bouteille-en-forme-de-coeur\/\" \/>\n<meta property=\"og:site_name\" content=\"Paradis des Bonbons\" \/>\n<meta property=\"article:modified_time\" content=\"2026-03-04T17:42:10+00:00\" \/>\n<meta property=\"og:image\" content=\"https:\/\/paradisdesbonbons.com\/wp-content\/uploads\/2026\/02\/fiole-verre-coeur-liege-mariage.jpeg\" \/>\n\t<meta property=\"og:image:width\" content=\"1280\" \/>\n\t<meta property=\"og:image:height\" content=\"1186\" \/>\n\t<meta property=\"og:image:type\" content=\"image\/jpeg\" \/>\n<meta name=\"twitter:card\" content=\"summary_large_image\" \/>\n<meta name=\"twitter:label1\" content=\"Est. reading time\" \/>\n\t<meta name=\"twitter:data1\" content=\"1 minute\" \/>\n<script type=\"application\/ld+json\" class=\"yoast-schema-graph\">{\"@context\":\"https:\\\/\\\/schema.org\",\"@graph\":[{\"@type\":\"WebPage\",\"@id\":\"https:\\\/\\\/paradisdesbonbons.com\\\/produit\\\/mini-bouteille-en-forme-de-coeur\\\/\",\"url\":\"https:\\\/\\\/paradisdesbonbons.com\\\/produit\\\/mini-bouteille-en-forme-de-coeur\\\/\",\"name\":\"Mini Bouteille en Forme de C\u0153ur - Paradis des Bonbons\",\"isPartOf\":{\"@id\":\"https:\\\/\\\/paradisdesbonbons.com\\\/#website\"},\"primaryImageOfPage\":{\"@id\":\"https:\\\/\\\/paradisdesbonbons.com\\\/produit\\\/mini-bouteille-en-forme-de-coeur\\\/#primaryimage\"},\"image\":{\"@id\":\"https:\\\/\\\/paradisdesbonbons.com\\\/produit\\\/mini-bouteille-en-forme-de-coeur\\\/#primaryimage\"},\"thumbnailUrl\":\"https:\\\/\\\/paradisdesbonbons.com\\\/wp-content\\\/uploads\\\/2026\\\/02\\\/fiole-verre-coeur-liege-mariage.jpeg\",\"datePublished\":\"2026-02-03T02:33:04+00:00\",\"dateModified\":\"2026-03-04T17:42:10+00:00\",\"breadcrumb\":{\"@id\":\"https:\\\/\\\/paradisdesbonbons.com\\\/produit\\\/mini-bouteille-en-forme-de-coeur\\\/#breadcrumb\"},\"inLanguage\":\"en-US\",\"potentialAction\":[{\"@type\":\"ReadAction\",\"target\":[\"https:\\\/\\\/paradisdesbonbons.com\\\/produit\\\/mini-bouteille-en-forme-de-coeur\\\/\"]}]},{\"@type\":\"ImageObject\",\"inLanguage\":\"en-US\",\"@id\":\"https:\\\/\\\/paradisdesbonbons.com\\\/produit\\\/mini-bouteille-en-forme-de-coeur\\\/#primaryimage\",\"url\":\"https:\\\/\\\/paradisdesbonbons.com\\\/wp-content\\\/uploads\\\/2026\\\/02\\\/fiole-verre-coeur-liege-mariage.jpeg\",\"contentUrl\":\"https:\\\/\\\/paradisdesbonbons.com\\\/wp-content\\\/uploads\\\/2026\\\/02\\\/fiole-verre-coeur-liege-mariage.jpeg\",\"width\":1280,\"height\":1186,\"caption\":\"Fioles c\u0153urs \u00e9l\u00e9gantes \u2013 Parfaites pour vos drag\u00e9es de mariage, sels de bain ou \u00e9pices.\"},{\"@type\":\"BreadcrumbList\",\"@id\":\"https:\\\/\\\/paradisdesbonbons.com\\\/produit\\\/mini-bouteille-en-forme-de-coeur\\\/#breadcrumb\",\"itemListElement\":[{\"@type\":\"ListItem\",\"position\":1,\"name\":\"Home\",\"item\":\"https:\\\/\\\/paradisdesbonbons.com\\\/\"},{\"@type\":\"ListItem\",\"position\":2,\"name\":\"Shop\",\"item\":\"https:\\\/\\\/paradisdesbonbons.com\\\/shop\\\/\"},{\"@type\":\"ListItem\",\"position\":3,\"name\":\"Mini Bouteille en Forme de C\u0153ur\"}]},{\"@type\":\"WebSite\",\"@id\":\"https:\\\/\\\/paradisdesbonbons.com\\\/#website\",\"url\":\"https:\\\/\\\/paradisdesbonbons.com\\\/\",\"name\":\"Paradis des Bonbons\",\"description\":\"L\u00e0 o\u00f9 les douceurs font r\u00eaver\",\"potentialAction\":[{\"@type\":\"SearchAction\",\"target\":{\"@type\":\"EntryPoint\",\"urlTemplate\":\"https:\\\/\\\/paradisdesbonbons.com\\\/?s={search_term_string}\"},\"query-input\":{\"@type\":\"PropertyValueSpecification\",\"valueRequired\":true,\"valueName\":\"search_term_string\"}}],\"inLanguage\":\"en-US\"}]}<\/script>\n<!-- \/ Yoast SEO plugin. -->","yoast_head_json":{"title":"Mini Bouteille en Forme de C\u0153ur - Paradis des Bonbons","robots":{"index":"index","follow":"follow","max-snippet":"max-snippet:-1","max-image-preview":"max-image-preview:large","max-video-preview":"max-video-preview:-1"},"canonical":"https:\/\/paradisdesbonbons.com\/en\/product\/mini-bouteille-en-forme-de-coeur\/","og_locale":"en_US","og_type":"article","og_title":"Mini Bouteille en Forme de C\u0153ur - Paradis des Bonbons","og_description":"Mini Bouteille en Forme de C\u0153ur de 70 ml Avec Bouchons en Li\u00e8ge, \u00c9tiquettes &amp; Ficelles (Lot de 12) - Fiole en Verre D\u00e9corative - Petite Fiole Mariage","og_url":"https:\/\/paradisdesbonbons.com\/en\/product\/mini-bouteille-en-forme-de-coeur\/","og_site_name":"Paradis des Bonbons","article_modified_time":"2026-03-04T17:42:10+00:00","og_image":[{"width":1280,"height":1186,"url":"https:\/\/paradisdesbonbons.com\/wp-content\/uploads\/2026\/02\/fiole-verre-coeur-liege-mariage.jpeg","type":"image\/jpeg"}],"twitter_card":"summary_large_image","twitter_misc":{"Est. reading time":"1 minute"},"schema":{"@context":"https:\/\/schema.org","@graph":[{"@type":"WebPage","@id":"https:\/\/paradisdesbonbons.com\/produit\/mini-bouteille-en-forme-de-coeur\/","url":"https:\/\/paradisdesbonbons.com\/produit\/mini-bouteille-en-forme-de-coeur\/","name":"Mini Bouteille en Forme de C\u0153ur - Paradis des Bonbons","isPartOf":{"@id":"https:\/\/paradisdesbonbons.com\/#website"},"primaryImageOfPage":{"@id":"https:\/\/paradisdesbonbons.com\/produit\/mini-bouteille-en-forme-de-coeur\/#primaryimage"},"image":{"@id":"https:\/\/paradisdesbonbons.com\/produit\/mini-bouteille-en-forme-de-coeur\/#primaryimage"},"thumbnailUrl":"https:\/\/paradisdesbonbons.com\/wp-content\/uploads\/2026\/02\/fiole-verre-coeur-liege-mariage.jpeg","datePublished":"2026-02-03T02:33:04+00:00","dateModified":"2026-03-04T17:42:10+00:00","breadcrumb":{"@id":"https:\/\/paradisdesbonbons.com\/produit\/mini-bouteille-en-forme-de-coeur\/#breadcrumb"},"inLanguage":"en-US","potentialAction":[{"@type":"ReadAction","target":["https:\/\/paradisdesbonbons.com\/produit\/mini-bouteille-en-forme-de-coeur\/"]}]},{"@type":"ImageObject","inLanguage":"en-US","@id":"https:\/\/paradisdesbonbons.com\/produit\/mini-bouteille-en-forme-de-coeur\/#primaryimage","url":"https:\/\/paradisdesbonbons.com\/wp-content\/uploads\/2026\/02\/fiole-verre-coeur-liege-mariage.jpeg","contentUrl":"https:\/\/paradisdesbonbons.com\/wp-content\/uploads\/2026\/02\/fiole-verre-coeur-liege-mariage.jpeg","width":1280,"height":1186,"caption":"Fioles c\u0153urs \u00e9l\u00e9gantes \u2013 Parfaites pour vos drag\u00e9es de mariage, sels de bain ou \u00e9pices."},{"@type":"BreadcrumbList","@id":"https:\/\/paradisdesbonbons.com\/produit\/mini-bouteille-en-forme-de-coeur\/#breadcrumb","itemListElement":[{"@type":"ListItem","position":1,"name":"Home","item":"https:\/\/paradisdesbonbons.com\/"},{"@type":"ListItem","position":2,"name":"Shop","item":"https:\/\/paradisdesbonbons.com\/shop\/"},{"@type":"ListItem","position":3,"name":"Mini Bouteille en Forme de C\u0153ur"}]},{"@type":"WebSite","@id":"https:\/\/paradisdesbonbons.com\/#website","url":"https:\/\/paradisdesbonbons.com\/","name":"Candy Paradise","description":"L\u00e0 o\u00f9 les douceurs font r\u00eaver","potentialAction":[{"@type":"SearchAction","target":{"@type":"EntryPoint","urlTemplate":"https:\/\/paradisdesbonbons.com\/?s={search_term_string}"},"query-input":{"@type":"PropertyValueSpecification","valueRequired":true,"valueName":"search_term_string"}}],"inLanguage":"en-US"}]}},"jetpack_publicize_connections":[],"jetpack_sharing_enabled":true,"_links":{"self":[{"href":"https:\/\/paradisdesbonbons.com\/en\/wp-json\/wp\/v2\/product\/1628","targetHints":{"allow":["GET"]}}],"collection":[{"href":"https:\/\/paradisdesbonbons.com\/en\/wp-json\/wp\/v2\/product"}],"about":[{"href":"https:\/\/paradisdesbonbons.com\/en\/wp-json\/wp\/v2\/types\/product"}],"replies":[{"embeddable":true,"href":"https:\/\/paradisdesbonbons.com\/en\/wp-json\/wp\/v2\/comments?post=1628"}],"version-history":[{"count":1,"href":"https:\/\/paradisdesbonbons.com\/en\/wp-json\/wp\/v2\/product\/1628\/revisions"}],"predecessor-version":[{"id":1630,"href":"https:\/\/paradisdesbonbons.com\/en\/wp-json\/wp\/v2\/product\/1628\/revisions\/1630"}],"wp:featuredmedia":[{"embeddable":true,"href":"https:\/\/paradisdesbonbons.com\/en\/wp-json\/wp\/v2\/media\/1629"}],"wp:attachment":[{"href":"https:\/\/paradisdesbonbons.com\/en\/wp-json\/wp\/v2\/media?parent=1628"}],"wp:term":[{"taxonomy":"product_brand","embeddable":true,"href":"https:\/\/paradisdesbonbons.com\/en\/wp-json\/wp\/v2\/product_brand?post=1628"},{"taxonomy":"product_cat","embeddable":true,"href":"https:\/\/paradisdesbonbons.com\/en\/wp-json\/wp\/v2\/product_cat?post=1628"},{"taxonomy":"product_tag","embeddable":true,"href":"https:\/\/paradisdesbonbons.com\/en\/wp-json\/wp\/v2\/product_tag?post=1628"}],"curies":[{"name":"wp","href":"https:\/\/api.w.org\/{rel}","templated":true}]}}