{"id":1634,"date":"2026-02-03T03:44:39","date_gmt":"2026-02-03T02:44:39","guid":{"rendered":"https:\/\/paradisdesbonbons.com\/?post_type=product&#038;p=1634"},"modified":"2026-03-12T14:07:05","modified_gmt":"2026-03-12T13:07:05","slug":"mini-fioles-rondes-en-verre","status":"publish","type":"product","link":"https:\/\/paradisdesbonbons.com\/en\/product\/mini-fioles-rondes-en-verre\/","title":{"rendered":"Mini Round Glass Vials"},"content":{"rendered":"","protected":false},"excerpt":{"rendered":"<p>40ml glass vial with cap. Contains christening sugared almonds, wedding gifts, party decorations, mini jars with cork stoppers, cards, and string<\/p>","protected":false},"featured_media":1635,"comment_status":"open","ping_status":"closed","template":"","meta":{"jetpack_publicize_message":"","jetpack_publicize_feature_enabled":true,"jetpack_social_post_already_shared":false,"jetpack_social_options":{"image_generator_settings":{"template":"highway","default_image_id":0,"font":"","enabled":false},"version":2}},"product_brand":[],"product_cat":[126],"product_tag":[171,172,180,182,181,183],"class_list":{"0":"post-1634","1":"product","2":"type-product","3":"status-publish","4":"has-post-thumbnail","6":"product_cat-accessoires","7":"product_tag-contenant-dragees-mariage","8":"product_tag-diy-cadeau-invite","9":"product_tag-fiole-verre-cylindrique","10":"product_tag-flacon-decoration-vintage","11":"product_tag-mini-tube-verre-liege","12":"product_tag-petit-pot-verre-vrac","14":"first","15":"instock","16":"shipping-taxable","17":"purchasable","18":"product-type-simple"},"yoast_head":"<!-- This site is optimized with the Yoast SEO plugin v27.4 - https:\/\/yoast.com\/product\/yoast-seo-wordpress\/ -->\n<title>Mini Fioles Rondes en Verre - Paradis des Bonbons<\/title>\n<meta name=\"robots\" content=\"index, follow, max-snippet:-1, max-image-preview:large, max-video-preview:-1\" \/>\n<link rel=\"canonical\" href=\"https:\/\/paradisdesbonbons.com\/en\/product\/mini-fioles-rondes-en-verre\/\" \/>\n<meta property=\"og:locale\" content=\"en_US\" \/>\n<meta property=\"og:type\" content=\"article\" \/>\n<meta property=\"og:title\" content=\"Mini Fioles Rondes en Verre - Paradis des Bonbons\" \/>\n<meta property=\"og:description\" content=\"Fiole en Verre 40ml avec bouchon. Contenant Drag\u00e9es Bapt\u00eame, Cadeau Mariage F\u00eate D\u00e9coration, Mini Bocaux Bouchon avec Li\u00e8ge, Carte, Ficelle\" \/>\n<meta property=\"og:url\" content=\"https:\/\/paradisdesbonbons.com\/en\/product\/mini-fioles-rondes-en-verre\/\" \/>\n<meta property=\"og:site_name\" content=\"Paradis des Bonbons\" \/>\n<meta property=\"article:modified_time\" content=\"2026-03-12T13:07:05+00:00\" \/>\n<meta property=\"og:image\" content=\"https:\/\/paradisdesbonbons.com\/wp-content\/uploads\/2026\/02\/mini-fiole-verre-cylindrique-liege-lot-32.jpeg\" \/>\n\t<meta property=\"og:image:width\" content=\"1024\" \/>\n\t<meta property=\"og:image:height\" content=\"1024\" \/>\n\t<meta property=\"og:image:type\" content=\"image\/jpeg\" \/>\n<meta name=\"twitter:card\" content=\"summary_large_image\" \/>\n<meta name=\"twitter:label1\" content=\"Est. reading time\" \/>\n\t<meta name=\"twitter:data1\" content=\"1 minute\" \/>\n<script type=\"application\/ld+json\" class=\"yoast-schema-graph\">{\"@context\":\"https:\\\/\\\/schema.org\",\"@graph\":[{\"@type\":\"WebPage\",\"@id\":\"https:\\\/\\\/paradisdesbonbons.com\\\/produit\\\/mini-fioles-rondes-en-verre\\\/\",\"url\":\"https:\\\/\\\/paradisdesbonbons.com\\\/produit\\\/mini-fioles-rondes-en-verre\\\/\",\"name\":\"Mini Fioles Rondes en Verre - Paradis des Bonbons\",\"isPartOf\":{\"@id\":\"https:\\\/\\\/paradisdesbonbons.com\\\/#website\"},\"primaryImageOfPage\":{\"@id\":\"https:\\\/\\\/paradisdesbonbons.com\\\/produit\\\/mini-fioles-rondes-en-verre\\\/#primaryimage\"},\"image\":{\"@id\":\"https:\\\/\\\/paradisdesbonbons.com\\\/produit\\\/mini-fioles-rondes-en-verre\\\/#primaryimage\"},\"thumbnailUrl\":\"https:\\\/\\\/paradisdesbonbons.com\\\/wp-content\\\/uploads\\\/2026\\\/02\\\/mini-fiole-verre-cylindrique-liege-lot-32.jpeg\",\"datePublished\":\"2026-02-03T02:44:39+00:00\",\"dateModified\":\"2026-03-12T13:07:05+00:00\",\"breadcrumb\":{\"@id\":\"https:\\\/\\\/paradisdesbonbons.com\\\/produit\\\/mini-fioles-rondes-en-verre\\\/#breadcrumb\"},\"inLanguage\":\"en-US\",\"potentialAction\":[{\"@type\":\"ReadAction\",\"target\":[\"https:\\\/\\\/paradisdesbonbons.com\\\/produit\\\/mini-fioles-rondes-en-verre\\\/\"]}]},{\"@type\":\"ImageObject\",\"inLanguage\":\"en-US\",\"@id\":\"https:\\\/\\\/paradisdesbonbons.com\\\/produit\\\/mini-fioles-rondes-en-verre\\\/#primaryimage\",\"url\":\"https:\\\/\\\/paradisdesbonbons.com\\\/wp-content\\\/uploads\\\/2026\\\/02\\\/mini-fiole-verre-cylindrique-liege-lot-32.jpeg\",\"contentUrl\":\"https:\\\/\\\/paradisdesbonbons.com\\\/wp-content\\\/uploads\\\/2026\\\/02\\\/mini-fiole-verre-cylindrique-liege-lot-32.jpeg\",\"width\":1024,\"height\":1024,\"caption\":\"Fioles cylindriques en verre pour cadeaux d'invit\u00e9s, potions magiques ou d\u00e9corations de table artisanales.\"},{\"@type\":\"BreadcrumbList\",\"@id\":\"https:\\\/\\\/paradisdesbonbons.com\\\/produit\\\/mini-fioles-rondes-en-verre\\\/#breadcrumb\",\"itemListElement\":[{\"@type\":\"ListItem\",\"position\":1,\"name\":\"Home\",\"item\":\"https:\\\/\\\/paradisdesbonbons.com\\\/\"},{\"@type\":\"ListItem\",\"position\":2,\"name\":\"Shop\",\"item\":\"https:\\\/\\\/paradisdesbonbons.com\\\/shop\\\/\"},{\"@type\":\"ListItem\",\"position\":3,\"name\":\"Mini Fioles Rondes en Verre\"}]},{\"@type\":\"WebSite\",\"@id\":\"https:\\\/\\\/paradisdesbonbons.com\\\/#website\",\"url\":\"https:\\\/\\\/paradisdesbonbons.com\\\/\",\"name\":\"Paradis des Bonbons\",\"description\":\"L\u00e0 o\u00f9 les douceurs font r\u00eaver\",\"potentialAction\":[{\"@type\":\"SearchAction\",\"target\":{\"@type\":\"EntryPoint\",\"urlTemplate\":\"https:\\\/\\\/paradisdesbonbons.com\\\/?s={search_term_string}\"},\"query-input\":{\"@type\":\"PropertyValueSpecification\",\"valueRequired\":true,\"valueName\":\"search_term_string\"}}],\"inLanguage\":\"en-US\"}]}<\/script>\n<!-- \/ Yoast SEO plugin. -->","yoast_head_json":{"title":"Mini Fioles Rondes en Verre - Paradis des Bonbons","robots":{"index":"index","follow":"follow","max-snippet":"max-snippet:-1","max-image-preview":"max-image-preview:large","max-video-preview":"max-video-preview:-1"},"canonical":"https:\/\/paradisdesbonbons.com\/en\/product\/mini-fioles-rondes-en-verre\/","og_locale":"en_US","og_type":"article","og_title":"Mini Fioles Rondes en Verre - Paradis des Bonbons","og_description":"Fiole en Verre 40ml avec bouchon. Contenant Drag\u00e9es Bapt\u00eame, Cadeau Mariage F\u00eate D\u00e9coration, Mini Bocaux Bouchon avec Li\u00e8ge, Carte, Ficelle","og_url":"https:\/\/paradisdesbonbons.com\/en\/product\/mini-fioles-rondes-en-verre\/","og_site_name":"Paradis des Bonbons","article_modified_time":"2026-03-12T13:07:05+00:00","og_image":[{"width":1024,"height":1024,"url":"https:\/\/paradisdesbonbons.com\/wp-content\/uploads\/2026\/02\/mini-fiole-verre-cylindrique-liege-lot-32.jpeg","type":"image\/jpeg"}],"twitter_card":"summary_large_image","twitter_misc":{"Est. reading time":"1 minute"},"schema":{"@context":"https:\/\/schema.org","@graph":[{"@type":"WebPage","@id":"https:\/\/paradisdesbonbons.com\/produit\/mini-fioles-rondes-en-verre\/","url":"https:\/\/paradisdesbonbons.com\/produit\/mini-fioles-rondes-en-verre\/","name":"Mini Fioles Rondes en Verre - Paradis des Bonbons","isPartOf":{"@id":"https:\/\/paradisdesbonbons.com\/#website"},"primaryImageOfPage":{"@id":"https:\/\/paradisdesbonbons.com\/produit\/mini-fioles-rondes-en-verre\/#primaryimage"},"image":{"@id":"https:\/\/paradisdesbonbons.com\/produit\/mini-fioles-rondes-en-verre\/#primaryimage"},"thumbnailUrl":"https:\/\/paradisdesbonbons.com\/wp-content\/uploads\/2026\/02\/mini-fiole-verre-cylindrique-liege-lot-32.jpeg","datePublished":"2026-02-03T02:44:39+00:00","dateModified":"2026-03-12T13:07:05+00:00","breadcrumb":{"@id":"https:\/\/paradisdesbonbons.com\/produit\/mini-fioles-rondes-en-verre\/#breadcrumb"},"inLanguage":"en-US","potentialAction":[{"@type":"ReadAction","target":["https:\/\/paradisdesbonbons.com\/produit\/mini-fioles-rondes-en-verre\/"]}]},{"@type":"ImageObject","inLanguage":"en-US","@id":"https:\/\/paradisdesbonbons.com\/produit\/mini-fioles-rondes-en-verre\/#primaryimage","url":"https:\/\/paradisdesbonbons.com\/wp-content\/uploads\/2026\/02\/mini-fiole-verre-cylindrique-liege-lot-32.jpeg","contentUrl":"https:\/\/paradisdesbonbons.com\/wp-content\/uploads\/2026\/02\/mini-fiole-verre-cylindrique-liege-lot-32.jpeg","width":1024,"height":1024,"caption":"Fioles cylindriques en verre pour cadeaux d'invit\u00e9s, potions magiques ou d\u00e9corations de table artisanales."},{"@type":"BreadcrumbList","@id":"https:\/\/paradisdesbonbons.com\/produit\/mini-fioles-rondes-en-verre\/#breadcrumb","itemListElement":[{"@type":"ListItem","position":1,"name":"Home","item":"https:\/\/paradisdesbonbons.com\/"},{"@type":"ListItem","position":2,"name":"Shop","item":"https:\/\/paradisdesbonbons.com\/shop\/"},{"@type":"ListItem","position":3,"name":"Mini Fioles Rondes en Verre"}]},{"@type":"WebSite","@id":"https:\/\/paradisdesbonbons.com\/#website","url":"https:\/\/paradisdesbonbons.com\/","name":"Candy Paradise","description":"L\u00e0 o\u00f9 les douceurs font r\u00eaver","potentialAction":[{"@type":"SearchAction","target":{"@type":"EntryPoint","urlTemplate":"https:\/\/paradisdesbonbons.com\/?s={search_term_string}"},"query-input":{"@type":"PropertyValueSpecification","valueRequired":true,"valueName":"search_term_string"}}],"inLanguage":"en-US"}]}},"jetpack_publicize_connections":[],"jetpack_sharing_enabled":true,"_links":{"self":[{"href":"https:\/\/paradisdesbonbons.com\/en\/wp-json\/wp\/v2\/product\/1634","targetHints":{"allow":["GET"]}}],"collection":[{"href":"https:\/\/paradisdesbonbons.com\/en\/wp-json\/wp\/v2\/product"}],"about":[{"href":"https:\/\/paradisdesbonbons.com\/en\/wp-json\/wp\/v2\/types\/product"}],"replies":[{"embeddable":true,"href":"https:\/\/paradisdesbonbons.com\/en\/wp-json\/wp\/v2\/comments?post=1634"}],"version-history":[{"count":2,"href":"https:\/\/paradisdesbonbons.com\/en\/wp-json\/wp\/v2\/product\/1634\/revisions"}],"predecessor-version":[{"id":1958,"href":"https:\/\/paradisdesbonbons.com\/en\/wp-json\/wp\/v2\/product\/1634\/revisions\/1958"}],"wp:featuredmedia":[{"embeddable":true,"href":"https:\/\/paradisdesbonbons.com\/en\/wp-json\/wp\/v2\/media\/1635"}],"wp:attachment":[{"href":"https:\/\/paradisdesbonbons.com\/en\/wp-json\/wp\/v2\/media?parent=1634"}],"wp:term":[{"taxonomy":"product_brand","embeddable":true,"href":"https:\/\/paradisdesbonbons.com\/en\/wp-json\/wp\/v2\/product_brand?post=1634"},{"taxonomy":"product_cat","embeddable":true,"href":"https:\/\/paradisdesbonbons.com\/en\/wp-json\/wp\/v2\/product_cat?post=1634"},{"taxonomy":"product_tag","embeddable":true,"href":"https:\/\/paradisdesbonbons.com\/en\/wp-json\/wp\/v2\/product_tag?post=1634"}],"curies":[{"name":"wp","href":"https:\/\/api.w.org\/{rel}","templated":true}]}}