{"id":1810,"date":"2026-02-09T14:12:06","date_gmt":"2026-02-09T13:12:06","guid":{"rendered":"https:\/\/paradisdesbonbons.com\/?post_type=product&#038;p=1810"},"modified":"2026-03-24T12:29:14","modified_gmt":"2026-03-24T11:29:14","slug":"3d-juicy-gummy-fruit-burst-2","status":"publish","type":"product","link":"https:\/\/paradisdesbonbons.com\/en\/product\/3d-juicy-gummy-fruit-burst-2\/","title":{"rendered":"3D Juicy Gummy Fruit Burst"},"content":{"rendered":"","protected":false},"excerpt":{"rendered":"<p>D\u00e9couvrez une exp\u00e9rience gustative unique avec nos bonbons g\u00e9lifi\u00e9s en forme de fruits. Chaque pi\u00e8ce (P\u00eache, Past\u00e8que, Raisin, Ananas ou Fraise) cache sous sa robe tendre un c\u0153ur liquide intens\u00e9ment parfum\u00e9 qui \u00e9clate en bouche. Pr\u00e9sent\u00e9s dans des opercules individuels pour pr\u00e9server leur fra\u00eecheur, ces bonbons ultra-r\u00e9alistes sont la grande tendance du moment. Parfaits pour un go\u00fbter original, une f\u00eate d&#8217;anniversaire ou pour relever les d\u00e9fis gourmands les plus viraux.<\/p>","protected":false},"featured_media":1811,"comment_status":"open","ping_status":"closed","template":"","meta":{"jetpack_publicize_message":"","jetpack_publicize_feature_enabled":true,"jetpack_social_post_already_shared":false,"jetpack_social_options":{"image_generator_settings":{"template":"highway","default_image_id":0,"font":"","enabled":false},"version":2}},"product_brand":[],"product_cat":[99,30],"product_tag":[383,387,321,382,381,386,369,385,293,384],"class_list":{"0":"post-1810","1":"product","2":"type-product","3":"status-publish","4":"has-post-thumbnail","6":"product_cat-3d-juicy-gummy-fruit-burst","7":"product_cat-confiserie-ludique","8":"product_tag-ananas","9":"product_tag-bonbon-fourre","10":"product_tag-bonbon-fruit","11":"product_tag-bonbon-tiktok","12":"product_tag-coeur-liquide","13":"product_tag-confiserie-originale","14":"product_tag-fraise","15":"product_tag-pasteque","16":"product_tag-peche","17":"product_tag-raisin","19":"first","20":"instock","21":"shipping-taxable","22":"purchasable","23":"product-type-simple"},"yoast_head":"<!-- This site is optimized with the Yoast SEO plugin v27.5 - https:\/\/yoast.com\/product\/yoast-seo-wordpress\/ -->\n<title>3D Juicy Gummy Fruit Burst - Paradis des Bonbons<\/title>\n<meta name=\"robots\" content=\"index, follow, max-snippet:-1, max-image-preview:large, max-video-preview:-1\" \/>\n<link rel=\"canonical\" href=\"https:\/\/paradisdesbonbons.com\/en\/product\/3d-juicy-gummy-fruit-burst-2\/\" \/>\n<meta property=\"og:locale\" content=\"en_US\" \/>\n<meta property=\"og:type\" content=\"article\" \/>\n<meta property=\"og:title\" content=\"3D Juicy Gummy Fruit Burst - Paradis des Bonbons\" \/>\n<meta property=\"og:description\" content=\"D\u00e9couvrez une exp\u00e9rience gustative unique avec nos bonbons g\u00e9lifi\u00e9s en forme de fruits. Chaque pi\u00e8ce (P\u00eache, Past\u00e8que, Raisin, Ananas ou Fraise) cache sous sa robe tendre un c\u0153ur liquide intens\u00e9ment parfum\u00e9 qui \u00e9clate en bouche. Pr\u00e9sent\u00e9s dans des opercules individuels pour pr\u00e9server leur fra\u00eecheur, ces bonbons ultra-r\u00e9alistes sont la grande tendance du moment. Parfaits pour un go\u00fbter original, une f\u00eate d&#039;anniversaire ou pour relever les d\u00e9fis gourmands les plus viraux.\" \/>\n<meta property=\"og:url\" content=\"https:\/\/paradisdesbonbons.com\/en\/product\/3d-juicy-gummy-fruit-burst-2\/\" \/>\n<meta property=\"og:site_name\" content=\"Paradis des Bonbons\" \/>\n<meta property=\"article:modified_time\" content=\"2026-03-24T11:29:14+00:00\" \/>\n<meta property=\"og:image\" content=\"https:\/\/paradisdesbonbons.com\/wp-content\/uploads\/2026\/02\/bonbon-gelifie-fruit-fourre-liquide-tiktok.jpeg\" \/>\n\t<meta property=\"og:image:width\" content=\"720\" \/>\n\t<meta property=\"og:image:height\" content=\"720\" \/>\n\t<meta property=\"og:image:type\" content=\"image\/jpeg\" \/>\n<meta name=\"twitter:card\" content=\"summary_large_image\" \/>\n<meta name=\"twitter:label1\" content=\"Est. reading time\" \/>\n\t<meta name=\"twitter:data1\" content=\"1 minute\" \/>\n<script type=\"application\/ld+json\" class=\"yoast-schema-graph\">{\"@context\":\"https:\\\/\\\/schema.org\",\"@graph\":[{\"@type\":\"WebPage\",\"@id\":\"https:\\\/\\\/paradisdesbonbons.com\\\/produit\\\/3d-juicy-gummy-fruit-burst-2\\\/\",\"url\":\"https:\\\/\\\/paradisdesbonbons.com\\\/produit\\\/3d-juicy-gummy-fruit-burst-2\\\/\",\"name\":\"3D Juicy Gummy Fruit Burst - Paradis des Bonbons\",\"isPartOf\":{\"@id\":\"https:\\\/\\\/paradisdesbonbons.com\\\/#website\"},\"primaryImageOfPage\":{\"@id\":\"https:\\\/\\\/paradisdesbonbons.com\\\/produit\\\/3d-juicy-gummy-fruit-burst-2\\\/#primaryimage\"},\"image\":{\"@id\":\"https:\\\/\\\/paradisdesbonbons.com\\\/produit\\\/3d-juicy-gummy-fruit-burst-2\\\/#primaryimage\"},\"thumbnailUrl\":\"https:\\\/\\\/paradisdesbonbons.com\\\/wp-content\\\/uploads\\\/2026\\\/02\\\/bonbon-gelifie-fruit-fourre-liquide-tiktok.jpeg\",\"datePublished\":\"2026-02-09T13:12:06+00:00\",\"dateModified\":\"2026-03-24T11:29:14+00:00\",\"breadcrumb\":{\"@id\":\"https:\\\/\\\/paradisdesbonbons.com\\\/produit\\\/3d-juicy-gummy-fruit-burst-2\\\/#breadcrumb\"},\"inLanguage\":\"en-US\",\"potentialAction\":[{\"@type\":\"ReadAction\",\"target\":[\"https:\\\/\\\/paradisdesbonbons.com\\\/produit\\\/3d-juicy-gummy-fruit-burst-2\\\/\"]}]},{\"@type\":\"ImageObject\",\"inLanguage\":\"en-US\",\"@id\":\"https:\\\/\\\/paradisdesbonbons.com\\\/produit\\\/3d-juicy-gummy-fruit-burst-2\\\/#primaryimage\",\"url\":\"https:\\\/\\\/paradisdesbonbons.com\\\/wp-content\\\/uploads\\\/2026\\\/02\\\/bonbon-gelifie-fruit-fourre-liquide-tiktok.jpeg\",\"contentUrl\":\"https:\\\/\\\/paradisdesbonbons.com\\\/wp-content\\\/uploads\\\/2026\\\/02\\\/bonbon-gelifie-fruit-fourre-liquide-tiktok.jpeg\",\"width\":720,\"height\":720,\"caption\":\"Succombez au c\u0153ur coulant de nos bonbons fruits : une explosion de jus fruit\u00e9 sous une texture g\u00e9lifi\u00e9e.\"},{\"@type\":\"BreadcrumbList\",\"@id\":\"https:\\\/\\\/paradisdesbonbons.com\\\/produit\\\/3d-juicy-gummy-fruit-burst-2\\\/#breadcrumb\",\"itemListElement\":[{\"@type\":\"ListItem\",\"position\":1,\"name\":\"Home\",\"item\":\"https:\\\/\\\/paradisdesbonbons.com\\\/\"},{\"@type\":\"ListItem\",\"position\":2,\"name\":\"Shop\",\"item\":\"https:\\\/\\\/paradisdesbonbons.com\\\/shop\\\/\"},{\"@type\":\"ListItem\",\"position\":3,\"name\":\"3D Juicy Gummy Fruit Burst\"}]},{\"@type\":\"WebSite\",\"@id\":\"https:\\\/\\\/paradisdesbonbons.com\\\/#website\",\"url\":\"https:\\\/\\\/paradisdesbonbons.com\\\/\",\"name\":\"Paradis des Bonbons\",\"description\":\"L\u00e0 o\u00f9 les douceurs font r\u00eaver\",\"potentialAction\":[{\"@type\":\"SearchAction\",\"target\":{\"@type\":\"EntryPoint\",\"urlTemplate\":\"https:\\\/\\\/paradisdesbonbons.com\\\/?s={search_term_string}\"},\"query-input\":{\"@type\":\"PropertyValueSpecification\",\"valueRequired\":true,\"valueName\":\"search_term_string\"}}],\"inLanguage\":\"en-US\"}]}<\/script>\n<!-- \/ Yoast SEO plugin. -->","yoast_head_json":{"title":"3D Juicy Gummy Fruit Burst - Paradis des Bonbons","robots":{"index":"index","follow":"follow","max-snippet":"max-snippet:-1","max-image-preview":"max-image-preview:large","max-video-preview":"max-video-preview:-1"},"canonical":"https:\/\/paradisdesbonbons.com\/en\/product\/3d-juicy-gummy-fruit-burst-2\/","og_locale":"en_US","og_type":"article","og_title":"3D Juicy Gummy Fruit Burst - Paradis des Bonbons","og_description":"D\u00e9couvrez une exp\u00e9rience gustative unique avec nos bonbons g\u00e9lifi\u00e9s en forme de fruits. Chaque pi\u00e8ce (P\u00eache, Past\u00e8que, Raisin, Ananas ou Fraise) cache sous sa robe tendre un c\u0153ur liquide intens\u00e9ment parfum\u00e9 qui \u00e9clate en bouche. Pr\u00e9sent\u00e9s dans des opercules individuels pour pr\u00e9server leur fra\u00eecheur, ces bonbons ultra-r\u00e9alistes sont la grande tendance du moment. Parfaits pour un go\u00fbter original, une f\u00eate d'anniversaire ou pour relever les d\u00e9fis gourmands les plus viraux.","og_url":"https:\/\/paradisdesbonbons.com\/en\/product\/3d-juicy-gummy-fruit-burst-2\/","og_site_name":"Paradis des Bonbons","article_modified_time":"2026-03-24T11:29:14+00:00","og_image":[{"width":720,"height":720,"url":"https:\/\/paradisdesbonbons.com\/wp-content\/uploads\/2026\/02\/bonbon-gelifie-fruit-fourre-liquide-tiktok.jpeg","type":"image\/jpeg"}],"twitter_card":"summary_large_image","twitter_misc":{"Est. reading time":"1 minute"},"schema":{"@context":"https:\/\/schema.org","@graph":[{"@type":"WebPage","@id":"https:\/\/paradisdesbonbons.com\/produit\/3d-juicy-gummy-fruit-burst-2\/","url":"https:\/\/paradisdesbonbons.com\/produit\/3d-juicy-gummy-fruit-burst-2\/","name":"3D Juicy Gummy Fruit Burst - Paradis des Bonbons","isPartOf":{"@id":"https:\/\/paradisdesbonbons.com\/#website"},"primaryImageOfPage":{"@id":"https:\/\/paradisdesbonbons.com\/produit\/3d-juicy-gummy-fruit-burst-2\/#primaryimage"},"image":{"@id":"https:\/\/paradisdesbonbons.com\/produit\/3d-juicy-gummy-fruit-burst-2\/#primaryimage"},"thumbnailUrl":"https:\/\/paradisdesbonbons.com\/wp-content\/uploads\/2026\/02\/bonbon-gelifie-fruit-fourre-liquide-tiktok.jpeg","datePublished":"2026-02-09T13:12:06+00:00","dateModified":"2026-03-24T11:29:14+00:00","breadcrumb":{"@id":"https:\/\/paradisdesbonbons.com\/produit\/3d-juicy-gummy-fruit-burst-2\/#breadcrumb"},"inLanguage":"en-US","potentialAction":[{"@type":"ReadAction","target":["https:\/\/paradisdesbonbons.com\/produit\/3d-juicy-gummy-fruit-burst-2\/"]}]},{"@type":"ImageObject","inLanguage":"en-US","@id":"https:\/\/paradisdesbonbons.com\/produit\/3d-juicy-gummy-fruit-burst-2\/#primaryimage","url":"https:\/\/paradisdesbonbons.com\/wp-content\/uploads\/2026\/02\/bonbon-gelifie-fruit-fourre-liquide-tiktok.jpeg","contentUrl":"https:\/\/paradisdesbonbons.com\/wp-content\/uploads\/2026\/02\/bonbon-gelifie-fruit-fourre-liquide-tiktok.jpeg","width":720,"height":720,"caption":"Succombez au c\u0153ur coulant de nos bonbons fruits : une explosion de jus fruit\u00e9 sous une texture g\u00e9lifi\u00e9e."},{"@type":"BreadcrumbList","@id":"https:\/\/paradisdesbonbons.com\/produit\/3d-juicy-gummy-fruit-burst-2\/#breadcrumb","itemListElement":[{"@type":"ListItem","position":1,"name":"Home","item":"https:\/\/paradisdesbonbons.com\/"},{"@type":"ListItem","position":2,"name":"Shop","item":"https:\/\/paradisdesbonbons.com\/shop\/"},{"@type":"ListItem","position":3,"name":"3D Juicy Gummy Fruit Burst"}]},{"@type":"WebSite","@id":"https:\/\/paradisdesbonbons.com\/#website","url":"https:\/\/paradisdesbonbons.com\/","name":"Candy Paradise","description":"L\u00e0 o\u00f9 les douceurs font r\u00eaver","potentialAction":[{"@type":"SearchAction","target":{"@type":"EntryPoint","urlTemplate":"https:\/\/paradisdesbonbons.com\/?s={search_term_string}"},"query-input":{"@type":"PropertyValueSpecification","valueRequired":true,"valueName":"search_term_string"}}],"inLanguage":"en-US"}]}},"jetpack_publicize_connections":[],"jetpack_sharing_enabled":true,"_links":{"self":[{"href":"https:\/\/paradisdesbonbons.com\/en\/wp-json\/wp\/v2\/product\/1810","targetHints":{"allow":["GET"]}}],"collection":[{"href":"https:\/\/paradisdesbonbons.com\/en\/wp-json\/wp\/v2\/product"}],"about":[{"href":"https:\/\/paradisdesbonbons.com\/en\/wp-json\/wp\/v2\/types\/product"}],"replies":[{"embeddable":true,"href":"https:\/\/paradisdesbonbons.com\/en\/wp-json\/wp\/v2\/comments?post=1810"}],"version-history":[{"count":3,"href":"https:\/\/paradisdesbonbons.com\/en\/wp-json\/wp\/v2\/product\/1810\/revisions"}],"predecessor-version":[{"id":2016,"href":"https:\/\/paradisdesbonbons.com\/en\/wp-json\/wp\/v2\/product\/1810\/revisions\/2016"}],"wp:featuredmedia":[{"embeddable":true,"href":"https:\/\/paradisdesbonbons.com\/en\/wp-json\/wp\/v2\/media\/1811"}],"wp:attachment":[{"href":"https:\/\/paradisdesbonbons.com\/en\/wp-json\/wp\/v2\/media?parent=1810"}],"wp:term":[{"taxonomy":"product_brand","embeddable":true,"href":"https:\/\/paradisdesbonbons.com\/en\/wp-json\/wp\/v2\/product_brand?post=1810"},{"taxonomy":"product_cat","embeddable":true,"href":"https:\/\/paradisdesbonbons.com\/en\/wp-json\/wp\/v2\/product_cat?post=1810"},{"taxonomy":"product_tag","embeddable":true,"href":"https:\/\/paradisdesbonbons.com\/en\/wp-json\/wp\/v2\/product_tag?post=1810"}],"curies":[{"name":"wp","href":"https:\/\/api.w.org\/{rel}","templated":true}]}}