{"id":1816,"date":"2026-02-09T14:17:55","date_gmt":"2026-02-09T13:17:55","guid":{"rendered":"https:\/\/paradisdesbonbons.com\/?post_type=product&#038;p=1816"},"modified":"2026-03-04T18:04:53","modified_gmt":"2026-03-04T17:04:53","slug":"sour-patch-kids-classic","status":"publish","type":"product","link":"https:\/\/paradisdesbonbons.com\/en\/product\/sour-patch-kids-classic\/","title":{"rendered":"Sour Patch Kids Classic"},"content":{"rendered":"","protected":false},"excerpt":{"rendered":"<p>D\u00e9couvrez ou red\u00e9couvrez le bonbon qui a conquis le monde : le Sour Patch Kids original. Ce sachet propose le m\u00e9lange classique de 5 saveurs fruit\u00e9es (Citron, Orange, Cerise, Framboise bleue et Lime) sous la forme de petits bonhommes fac\u00e9tieux. Chaque bouch\u00e9e offre cette signature unique : un d\u00e9marrage intens\u00e9ment acide gr\u00e2ce \u00e0 son enrobage de sucre citrique, suivi d&#8217;un c\u0153ur g\u00e9lifi\u00e9 doux et sucr\u00e9. Un incontournable pour les amateurs de confiseries acidul\u00e9es et un classique des soir\u00e9es cin\u00e9ma ou des candy bars.<\/p>","protected":false},"featured_media":1817,"comment_status":"open","ping_status":"closed","template":"","meta":{"jetpack_publicize_message":"","jetpack_publicize_feature_enabled":true,"jetpack_social_post_already_shared":false,"jetpack_social_options":{"image_generator_settings":{"template":"highway","default_image_id":0,"font":"","enabled":false},"version":2}},"product_brand":[],"product_cat":[104],"product_tag":[223,260,396,332,274,391,389,395],"class_list":{"0":"post-1816","1":"product","2":"type-product","3":"status-publish","4":"has-post-thumbnail","6":"product_cat-sour-patch-kids-160g","7":"product_tag-assortiment-fruits","8":"product_tag-bonbon-acide","9":"product_tag-bonbon-americain","10":"product_tag-confiserie-gelifiee","11":"product_tag-framboise-bleue","12":"product_tag-jelibon","13":"product_tag-sour-patch-kids","14":"product_tag-sour-patch-original","16":"first","17":"instock","18":"shipping-taxable","19":"purchasable","20":"product-type-simple"},"yoast_head":"<!-- This site is optimized with the Yoast SEO plugin v27.4 - https:\/\/yoast.com\/product\/yoast-seo-wordpress\/ -->\n<title>Sour Patch Kids Classic - Paradis des Bonbons<\/title>\n<meta name=\"robots\" content=\"index, follow, max-snippet:-1, max-image-preview:large, max-video-preview:-1\" \/>\n<link rel=\"canonical\" href=\"https:\/\/paradisdesbonbons.com\/en\/product\/sour-patch-kids-classic\/\" \/>\n<meta property=\"og:locale\" content=\"en_US\" \/>\n<meta property=\"og:type\" content=\"article\" \/>\n<meta property=\"og:title\" content=\"Sour Patch Kids Classic - Paradis des Bonbons\" \/>\n<meta property=\"og:description\" content=\"D\u00e9couvrez ou red\u00e9couvrez le bonbon qui a conquis le monde : le Sour Patch Kids original. Ce sachet propose le m\u00e9lange classique de 5 saveurs fruit\u00e9es (Citron, Orange, Cerise, Framboise bleue et Lime) sous la forme de petits bonhommes fac\u00e9tieux. Chaque bouch\u00e9e offre cette signature unique : un d\u00e9marrage intens\u00e9ment acide gr\u00e2ce \u00e0 son enrobage de sucre citrique, suivi d&#039;un c\u0153ur g\u00e9lifi\u00e9 doux et sucr\u00e9. Un incontournable pour les amateurs de confiseries acidul\u00e9es et un classique des soir\u00e9es cin\u00e9ma ou des candy bars.\" \/>\n<meta property=\"og:url\" content=\"https:\/\/paradisdesbonbons.com\/en\/product\/sour-patch-kids-classic\/\" \/>\n<meta property=\"og:site_name\" content=\"Paradis des Bonbons\" \/>\n<meta property=\"article:modified_time\" content=\"2026-03-04T17:04:53+00:00\" \/>\n<meta property=\"og:image\" content=\"https:\/\/paradisdesbonbons.com\/wp-content\/uploads\/2026\/02\/sour-patch-kids-original-classic-acidule.jpeg\" \/>\n\t<meta property=\"og:image:width\" content=\"800\" \/>\n\t<meta property=\"og:image:height\" content=\"800\" \/>\n\t<meta property=\"og:image:type\" content=\"image\/jpeg\" \/>\n<meta name=\"twitter:card\" content=\"summary_large_image\" \/>\n<meta name=\"twitter:label1\" content=\"Est. reading time\" \/>\n\t<meta name=\"twitter:data1\" content=\"1 minute\" \/>\n<script type=\"application\/ld+json\" class=\"yoast-schema-graph\">{\"@context\":\"https:\\\/\\\/schema.org\",\"@graph\":[{\"@type\":\"WebPage\",\"@id\":\"https:\\\/\\\/paradisdesbonbons.com\\\/produit\\\/sour-patch-kids-classic\\\/\",\"url\":\"https:\\\/\\\/paradisdesbonbons.com\\\/produit\\\/sour-patch-kids-classic\\\/\",\"name\":\"Sour Patch Kids Classic - Paradis des Bonbons\",\"isPartOf\":{\"@id\":\"https:\\\/\\\/paradisdesbonbons.com\\\/#website\"},\"primaryImageOfPage\":{\"@id\":\"https:\\\/\\\/paradisdesbonbons.com\\\/produit\\\/sour-patch-kids-classic\\\/#primaryimage\"},\"image\":{\"@id\":\"https:\\\/\\\/paradisdesbonbons.com\\\/produit\\\/sour-patch-kids-classic\\\/#primaryimage\"},\"thumbnailUrl\":\"https:\\\/\\\/paradisdesbonbons.com\\\/wp-content\\\/uploads\\\/2026\\\/02\\\/sour-patch-kids-original-classic-acidule.jpeg\",\"datePublished\":\"2026-02-09T13:17:55+00:00\",\"dateModified\":\"2026-03-04T17:04:53+00:00\",\"breadcrumb\":{\"@id\":\"https:\\\/\\\/paradisdesbonbons.com\\\/produit\\\/sour-patch-kids-classic\\\/#breadcrumb\"},\"inLanguage\":\"en-US\",\"potentialAction\":[{\"@type\":\"ReadAction\",\"target\":[\"https:\\\/\\\/paradisdesbonbons.com\\\/produit\\\/sour-patch-kids-classic\\\/\"]}]},{\"@type\":\"ImageObject\",\"inLanguage\":\"en-US\",\"@id\":\"https:\\\/\\\/paradisdesbonbons.com\\\/produit\\\/sour-patch-kids-classic\\\/#primaryimage\",\"url\":\"https:\\\/\\\/paradisdesbonbons.com\\\/wp-content\\\/uploads\\\/2026\\\/02\\\/sour-patch-kids-original-classic-acidule.jpeg\",\"contentUrl\":\"https:\\\/\\\/paradisdesbonbons.com\\\/wp-content\\\/uploads\\\/2026\\\/02\\\/sour-patch-kids-original-classic-acidule.jpeg\",\"width\":800,\"height\":800,\"caption\":\"Sour Patch Kids Original : l'exp\u00e9rience culte acide puis sucr\u00e9e dans un assortiment de 5 fruits.\"},{\"@type\":\"BreadcrumbList\",\"@id\":\"https:\\\/\\\/paradisdesbonbons.com\\\/produit\\\/sour-patch-kids-classic\\\/#breadcrumb\",\"itemListElement\":[{\"@type\":\"ListItem\",\"position\":1,\"name\":\"Home\",\"item\":\"https:\\\/\\\/paradisdesbonbons.com\\\/\"},{\"@type\":\"ListItem\",\"position\":2,\"name\":\"Shop\",\"item\":\"https:\\\/\\\/paradisdesbonbons.com\\\/shop\\\/\"},{\"@type\":\"ListItem\",\"position\":3,\"name\":\"Sour Patch Kids Classic\"}]},{\"@type\":\"WebSite\",\"@id\":\"https:\\\/\\\/paradisdesbonbons.com\\\/#website\",\"url\":\"https:\\\/\\\/paradisdesbonbons.com\\\/\",\"name\":\"Paradis des Bonbons\",\"description\":\"L\u00e0 o\u00f9 les douceurs font r\u00eaver\",\"potentialAction\":[{\"@type\":\"SearchAction\",\"target\":{\"@type\":\"EntryPoint\",\"urlTemplate\":\"https:\\\/\\\/paradisdesbonbons.com\\\/?s={search_term_string}\"},\"query-input\":{\"@type\":\"PropertyValueSpecification\",\"valueRequired\":true,\"valueName\":\"search_term_string\"}}],\"inLanguage\":\"en-US\"}]}<\/script>\n<!-- \/ Yoast SEO plugin. -->","yoast_head_json":{"title":"Sour Patch Kids Classic - Paradis des Bonbons","robots":{"index":"index","follow":"follow","max-snippet":"max-snippet:-1","max-image-preview":"max-image-preview:large","max-video-preview":"max-video-preview:-1"},"canonical":"https:\/\/paradisdesbonbons.com\/en\/product\/sour-patch-kids-classic\/","og_locale":"en_US","og_type":"article","og_title":"Sour Patch Kids Classic - Paradis des Bonbons","og_description":"D\u00e9couvrez ou red\u00e9couvrez le bonbon qui a conquis le monde : le Sour Patch Kids original. Ce sachet propose le m\u00e9lange classique de 5 saveurs fruit\u00e9es (Citron, Orange, Cerise, Framboise bleue et Lime) sous la forme de petits bonhommes fac\u00e9tieux. Chaque bouch\u00e9e offre cette signature unique : un d\u00e9marrage intens\u00e9ment acide gr\u00e2ce \u00e0 son enrobage de sucre citrique, suivi d'un c\u0153ur g\u00e9lifi\u00e9 doux et sucr\u00e9. Un incontournable pour les amateurs de confiseries acidul\u00e9es et un classique des soir\u00e9es cin\u00e9ma ou des candy bars.","og_url":"https:\/\/paradisdesbonbons.com\/en\/product\/sour-patch-kids-classic\/","og_site_name":"Paradis des Bonbons","article_modified_time":"2026-03-04T17:04:53+00:00","og_image":[{"width":800,"height":800,"url":"https:\/\/paradisdesbonbons.com\/wp-content\/uploads\/2026\/02\/sour-patch-kids-original-classic-acidule.jpeg","type":"image\/jpeg"}],"twitter_card":"summary_large_image","twitter_misc":{"Est. reading time":"1 minute"},"schema":{"@context":"https:\/\/schema.org","@graph":[{"@type":"WebPage","@id":"https:\/\/paradisdesbonbons.com\/produit\/sour-patch-kids-classic\/","url":"https:\/\/paradisdesbonbons.com\/produit\/sour-patch-kids-classic\/","name":"Sour Patch Kids Classic - Paradis des Bonbons","isPartOf":{"@id":"https:\/\/paradisdesbonbons.com\/#website"},"primaryImageOfPage":{"@id":"https:\/\/paradisdesbonbons.com\/produit\/sour-patch-kids-classic\/#primaryimage"},"image":{"@id":"https:\/\/paradisdesbonbons.com\/produit\/sour-patch-kids-classic\/#primaryimage"},"thumbnailUrl":"https:\/\/paradisdesbonbons.com\/wp-content\/uploads\/2026\/02\/sour-patch-kids-original-classic-acidule.jpeg","datePublished":"2026-02-09T13:17:55+00:00","dateModified":"2026-03-04T17:04:53+00:00","breadcrumb":{"@id":"https:\/\/paradisdesbonbons.com\/produit\/sour-patch-kids-classic\/#breadcrumb"},"inLanguage":"en-US","potentialAction":[{"@type":"ReadAction","target":["https:\/\/paradisdesbonbons.com\/produit\/sour-patch-kids-classic\/"]}]},{"@type":"ImageObject","inLanguage":"en-US","@id":"https:\/\/paradisdesbonbons.com\/produit\/sour-patch-kids-classic\/#primaryimage","url":"https:\/\/paradisdesbonbons.com\/wp-content\/uploads\/2026\/02\/sour-patch-kids-original-classic-acidule.jpeg","contentUrl":"https:\/\/paradisdesbonbons.com\/wp-content\/uploads\/2026\/02\/sour-patch-kids-original-classic-acidule.jpeg","width":800,"height":800,"caption":"Sour Patch Kids Original : l'exp\u00e9rience culte acide puis sucr\u00e9e dans un assortiment de 5 fruits."},{"@type":"BreadcrumbList","@id":"https:\/\/paradisdesbonbons.com\/produit\/sour-patch-kids-classic\/#breadcrumb","itemListElement":[{"@type":"ListItem","position":1,"name":"Home","item":"https:\/\/paradisdesbonbons.com\/"},{"@type":"ListItem","position":2,"name":"Shop","item":"https:\/\/paradisdesbonbons.com\/shop\/"},{"@type":"ListItem","position":3,"name":"Sour Patch Kids Classic"}]},{"@type":"WebSite","@id":"https:\/\/paradisdesbonbons.com\/#website","url":"https:\/\/paradisdesbonbons.com\/","name":"Candy Paradise","description":"L\u00e0 o\u00f9 les douceurs font r\u00eaver","potentialAction":[{"@type":"SearchAction","target":{"@type":"EntryPoint","urlTemplate":"https:\/\/paradisdesbonbons.com\/?s={search_term_string}"},"query-input":{"@type":"PropertyValueSpecification","valueRequired":true,"valueName":"search_term_string"}}],"inLanguage":"en-US"}]}},"jetpack_publicize_connections":[],"jetpack_sharing_enabled":true,"_links":{"self":[{"href":"https:\/\/paradisdesbonbons.com\/en\/wp-json\/wp\/v2\/product\/1816","targetHints":{"allow":["GET"]}}],"collection":[{"href":"https:\/\/paradisdesbonbons.com\/en\/wp-json\/wp\/v2\/product"}],"about":[{"href":"https:\/\/paradisdesbonbons.com\/en\/wp-json\/wp\/v2\/types\/product"}],"replies":[{"embeddable":true,"href":"https:\/\/paradisdesbonbons.com\/en\/wp-json\/wp\/v2\/comments?post=1816"}],"version-history":[{"count":1,"href":"https:\/\/paradisdesbonbons.com\/en\/wp-json\/wp\/v2\/product\/1816\/revisions"}],"predecessor-version":[{"id":1818,"href":"https:\/\/paradisdesbonbons.com\/en\/wp-json\/wp\/v2\/product\/1816\/revisions\/1818"}],"wp:featuredmedia":[{"embeddable":true,"href":"https:\/\/paradisdesbonbons.com\/en\/wp-json\/wp\/v2\/media\/1817"}],"wp:attachment":[{"href":"https:\/\/paradisdesbonbons.com\/en\/wp-json\/wp\/v2\/media?parent=1816"}],"wp:term":[{"taxonomy":"product_brand","embeddable":true,"href":"https:\/\/paradisdesbonbons.com\/en\/wp-json\/wp\/v2\/product_brand?post=1816"},{"taxonomy":"product_cat","embeddable":true,"href":"https:\/\/paradisdesbonbons.com\/en\/wp-json\/wp\/v2\/product_cat?post=1816"},{"taxonomy":"product_tag","embeddable":true,"href":"https:\/\/paradisdesbonbons.com\/en\/wp-json\/wp\/v2\/product_tag?post=1816"}],"curies":[{"name":"wp","href":"https:\/\/api.w.org\/{rel}","templated":true}]}}