{"id":1867,"date":"2026-02-09T15:49:20","date_gmt":"2026-02-09T14:49:20","guid":{"rendered":"https:\/\/paradisdesbonbons.com\/?post_type=product&#038;p=1867"},"modified":"2026-03-12T13:54:30","modified_gmt":"2026-03-12T12:54:30","slug":"boite-a-dragees-coussin","status":"publish","type":"product","link":"https:\/\/paradisdesbonbons.com\/en\/product\/boite-a-dragees-coussin\/","title":{"rendered":"Bo\u00eete \u00e0 Drag\u00e9es &#8220;Coussin&#8221;"},"content":{"rendered":"","protected":false},"excerpt":{"rendered":"<p>Cushion-shaped candy boxes for weddings, parties, and sweets. Gold<\/p>\n<p>Pr\u00e9sentez vos confiseries avec raffinement gr\u00e2ce \u00e0 cette bo\u00eete \u00e0 drag\u00e9es en forme de coussin. Arborant de d\u00e9licates arabesques dor\u00e9es sur un fond blanc immacul\u00e9, ces contenants sont livr\u00e9s avec leurs rubans en satin dor\u00e9 assortis. Faciles \u00e0 assembler, ces bo\u00eetes sont id\u00e9ales pour offrir vos drag\u00e9es Avola ou vos c\u0153urs au chocolat lors d&#8217;un mariage, d&#8217;un bapt\u00eame ou d&#8217;une r\u00e9ception chic. Un accessoire de d\u00e9coration de table qui transforme vos douceurs en de v\u00e9ritables petits cadeaux personnalis\u00e9s.<\/p>","protected":false},"featured_media":1868,"comment_status":"open","ping_status":"closed","template":"","meta":{"jetpack_publicize_message":"","jetpack_publicize_feature_enabled":true,"jetpack_social_post_already_shared":false,"jetpack_social_options":{"image_generator_settings":{"template":"highway","default_image_id":0,"font":"","enabled":false},"version":2}},"product_brand":[],"product_cat":[126],"product_tag":[492,486,425,487,459,489,488,491,490],"class_list":{"0":"post-1867","1":"product","2":"type-product","3":"status-publish","4":"has-post-thumbnail","6":"product_cat-accessoires","7":"product_tag-accessoire-ceremonie","8":"product_tag-boite-a-dragees","9":"product_tag-cadeau-invite","10":"product_tag-contenant-dragees","11":"product_tag-decoration-de-table","12":"product_tag-emballage-bonbons","13":"product_tag-mariage-or","14":"product_tag-pillow-box","15":"product_tag-theme-dore","17":"first","18":"instock","19":"shipping-taxable","20":"purchasable","21":"product-type-simple"},"yoast_head":"<!-- This site is optimized with the Yoast SEO plugin v27.5 - https:\/\/yoast.com\/product\/yoast-seo-wordpress\/ -->\n<title>Bo\u00eete \u00e0 Drag\u00e9es &quot;Coussin&quot; - Paradis des Bonbons<\/title>\n<meta name=\"robots\" content=\"index, follow, max-snippet:-1, max-image-preview:large, max-video-preview:-1\" \/>\n<link rel=\"canonical\" href=\"https:\/\/paradisdesbonbons.com\/en\/product\/boite-a-dragees-coussin\/\" \/>\n<meta property=\"og:locale\" content=\"en_US\" \/>\n<meta property=\"og:type\" content=\"article\" \/>\n<meta property=\"og:title\" content=\"Bo\u00eete \u00e0 Drag\u00e9es &quot;Coussin&quot; - Paradis des Bonbons\" \/>\n<meta property=\"og:description\" content=\"Bo\u00eetes \u00e0 drag\u00e9es en forme de coussin pour mariage, f\u00eate, bonbons, bonbons. Dor\u00e9  Pr\u00e9sentez vos confiseries avec raffinement gr\u00e2ce \u00e0 cette bo\u00eete \u00e0 drag\u00e9es en forme de coussin. Arborant de d\u00e9licates arabesques dor\u00e9es sur un fond blanc immacul\u00e9, ces contenants sont livr\u00e9s avec leurs rubans en satin dor\u00e9 assortis. Faciles \u00e0 assembler, ces bo\u00eetes sont id\u00e9ales pour offrir vos drag\u00e9es Avola ou vos c\u0153urs au chocolat lors d&#039;un mariage, d&#039;un bapt\u00eame ou d&#039;une r\u00e9ception chic. Un accessoire de d\u00e9coration de table qui transforme vos douceurs en de v\u00e9ritables petits cadeaux personnalis\u00e9s.\" \/>\n<meta property=\"og:url\" content=\"https:\/\/paradisdesbonbons.com\/en\/product\/boite-a-dragees-coussin\/\" \/>\n<meta property=\"og:site_name\" content=\"Paradis des Bonbons\" \/>\n<meta property=\"article:modified_time\" content=\"2026-03-12T12:54:30+00:00\" \/>\n<meta property=\"og:image\" content=\"https:\/\/paradisdesbonbons.com\/wp-content\/uploads\/2026\/02\/boites-dragees-coussin-blanc-dore-mariage-lot-50.jpeg\" \/>\n\t<meta property=\"og:image:width\" content=\"1000\" \/>\n\t<meta property=\"og:image:height\" content=\"916\" \/>\n\t<meta property=\"og:image:type\" content=\"image\/jpeg\" \/>\n<meta name=\"twitter:card\" content=\"summary_large_image\" \/>\n<meta name=\"twitter:label1\" content=\"Est. reading time\" \/>\n\t<meta name=\"twitter:data1\" content=\"1 minute\" \/>\n<script type=\"application\/ld+json\" class=\"yoast-schema-graph\">{\"@context\":\"https:\\\/\\\/schema.org\",\"@graph\":[{\"@type\":\"WebPage\",\"@id\":\"https:\\\/\\\/paradisdesbonbons.com\\\/produit\\\/boite-a-dragees-coussin\\\/\",\"url\":\"https:\\\/\\\/paradisdesbonbons.com\\\/produit\\\/boite-a-dragees-coussin\\\/\",\"name\":\"Bo\u00eete \u00e0 Drag\u00e9es \\\"Coussin\\\" - Paradis des Bonbons\",\"isPartOf\":{\"@id\":\"https:\\\/\\\/paradisdesbonbons.com\\\/#website\"},\"primaryImageOfPage\":{\"@id\":\"https:\\\/\\\/paradisdesbonbons.com\\\/produit\\\/boite-a-dragees-coussin\\\/#primaryimage\"},\"image\":{\"@id\":\"https:\\\/\\\/paradisdesbonbons.com\\\/produit\\\/boite-a-dragees-coussin\\\/#primaryimage\"},\"thumbnailUrl\":\"https:\\\/\\\/paradisdesbonbons.com\\\/wp-content\\\/uploads\\\/2026\\\/02\\\/boites-dragees-coussin-blanc-dore-mariage-lot-50.jpeg\",\"datePublished\":\"2026-02-09T14:49:20+00:00\",\"dateModified\":\"2026-03-12T12:54:30+00:00\",\"breadcrumb\":{\"@id\":\"https:\\\/\\\/paradisdesbonbons.com\\\/produit\\\/boite-a-dragees-coussin\\\/#breadcrumb\"},\"inLanguage\":\"en-US\",\"potentialAction\":[{\"@type\":\"ReadAction\",\"target\":[\"https:\\\/\\\/paradisdesbonbons.com\\\/produit\\\/boite-a-dragees-coussin\\\/\"]}]},{\"@type\":\"ImageObject\",\"inLanguage\":\"en-US\",\"@id\":\"https:\\\/\\\/paradisdesbonbons.com\\\/produit\\\/boite-a-dragees-coussin\\\/#primaryimage\",\"url\":\"https:\\\/\\\/paradisdesbonbons.com\\\/wp-content\\\/uploads\\\/2026\\\/02\\\/boites-dragees-coussin-blanc-dore-mariage-lot-50.jpeg\",\"contentUrl\":\"https:\\\/\\\/paradisdesbonbons.com\\\/wp-content\\\/uploads\\\/2026\\\/02\\\/boites-dragees-coussin-blanc-dore-mariage-lot-50.jpeg\",\"width\":1000,\"height\":916,\"caption\":\"Bo\u00eetes \u00e0 drag\u00e9es \u00e9l\u00e9gantes : la touche finale dor\u00e9e pour vos cadeaux d'invit\u00e9s.\"},{\"@type\":\"BreadcrumbList\",\"@id\":\"https:\\\/\\\/paradisdesbonbons.com\\\/produit\\\/boite-a-dragees-coussin\\\/#breadcrumb\",\"itemListElement\":[{\"@type\":\"ListItem\",\"position\":1,\"name\":\"Home\",\"item\":\"https:\\\/\\\/paradisdesbonbons.com\\\/\"},{\"@type\":\"ListItem\",\"position\":2,\"name\":\"Shop\",\"item\":\"https:\\\/\\\/paradisdesbonbons.com\\\/shop\\\/\"},{\"@type\":\"ListItem\",\"position\":3,\"name\":\"Bo\u00eete \u00e0 Drag\u00e9es \u00ab\u00a0Coussin\u00a0\u00bb\"}]},{\"@type\":\"WebSite\",\"@id\":\"https:\\\/\\\/paradisdesbonbons.com\\\/#website\",\"url\":\"https:\\\/\\\/paradisdesbonbons.com\\\/\",\"name\":\"Paradis des Bonbons\",\"description\":\"L\u00e0 o\u00f9 les douceurs font r\u00eaver\",\"potentialAction\":[{\"@type\":\"SearchAction\",\"target\":{\"@type\":\"EntryPoint\",\"urlTemplate\":\"https:\\\/\\\/paradisdesbonbons.com\\\/?s={search_term_string}\"},\"query-input\":{\"@type\":\"PropertyValueSpecification\",\"valueRequired\":true,\"valueName\":\"search_term_string\"}}],\"inLanguage\":\"en-US\"}]}<\/script>\n<!-- \/ Yoast SEO plugin. -->","yoast_head_json":{"title":"Bo\u00eete \u00e0 Drag\u00e9es \"Coussin\" - Paradis des Bonbons","robots":{"index":"index","follow":"follow","max-snippet":"max-snippet:-1","max-image-preview":"max-image-preview:large","max-video-preview":"max-video-preview:-1"},"canonical":"https:\/\/paradisdesbonbons.com\/en\/product\/boite-a-dragees-coussin\/","og_locale":"en_US","og_type":"article","og_title":"Bo\u00eete \u00e0 Drag\u00e9es \"Coussin\" - Paradis des Bonbons","og_description":"Bo\u00eetes \u00e0 drag\u00e9es en forme de coussin pour mariage, f\u00eate, bonbons, bonbons. Dor\u00e9  Pr\u00e9sentez vos confiseries avec raffinement gr\u00e2ce \u00e0 cette bo\u00eete \u00e0 drag\u00e9es en forme de coussin. Arborant de d\u00e9licates arabesques dor\u00e9es sur un fond blanc immacul\u00e9, ces contenants sont livr\u00e9s avec leurs rubans en satin dor\u00e9 assortis. Faciles \u00e0 assembler, ces bo\u00eetes sont id\u00e9ales pour offrir vos drag\u00e9es Avola ou vos c\u0153urs au chocolat lors d'un mariage, d'un bapt\u00eame ou d'une r\u00e9ception chic. Un accessoire de d\u00e9coration de table qui transforme vos douceurs en de v\u00e9ritables petits cadeaux personnalis\u00e9s.","og_url":"https:\/\/paradisdesbonbons.com\/en\/product\/boite-a-dragees-coussin\/","og_site_name":"Paradis des Bonbons","article_modified_time":"2026-03-12T12:54:30+00:00","og_image":[{"width":1000,"height":916,"url":"https:\/\/paradisdesbonbons.com\/wp-content\/uploads\/2026\/02\/boites-dragees-coussin-blanc-dore-mariage-lot-50.jpeg","type":"image\/jpeg"}],"twitter_card":"summary_large_image","twitter_misc":{"Est. reading time":"1 minute"},"schema":{"@context":"https:\/\/schema.org","@graph":[{"@type":"WebPage","@id":"https:\/\/paradisdesbonbons.com\/produit\/boite-a-dragees-coussin\/","url":"https:\/\/paradisdesbonbons.com\/produit\/boite-a-dragees-coussin\/","name":"Bo\u00eete \u00e0 Drag\u00e9es \"Coussin\" - Paradis des Bonbons","isPartOf":{"@id":"https:\/\/paradisdesbonbons.com\/#website"},"primaryImageOfPage":{"@id":"https:\/\/paradisdesbonbons.com\/produit\/boite-a-dragees-coussin\/#primaryimage"},"image":{"@id":"https:\/\/paradisdesbonbons.com\/produit\/boite-a-dragees-coussin\/#primaryimage"},"thumbnailUrl":"https:\/\/paradisdesbonbons.com\/wp-content\/uploads\/2026\/02\/boites-dragees-coussin-blanc-dore-mariage-lot-50.jpeg","datePublished":"2026-02-09T14:49:20+00:00","dateModified":"2026-03-12T12:54:30+00:00","breadcrumb":{"@id":"https:\/\/paradisdesbonbons.com\/produit\/boite-a-dragees-coussin\/#breadcrumb"},"inLanguage":"en-US","potentialAction":[{"@type":"ReadAction","target":["https:\/\/paradisdesbonbons.com\/produit\/boite-a-dragees-coussin\/"]}]},{"@type":"ImageObject","inLanguage":"en-US","@id":"https:\/\/paradisdesbonbons.com\/produit\/boite-a-dragees-coussin\/#primaryimage","url":"https:\/\/paradisdesbonbons.com\/wp-content\/uploads\/2026\/02\/boites-dragees-coussin-blanc-dore-mariage-lot-50.jpeg","contentUrl":"https:\/\/paradisdesbonbons.com\/wp-content\/uploads\/2026\/02\/boites-dragees-coussin-blanc-dore-mariage-lot-50.jpeg","width":1000,"height":916,"caption":"Bo\u00eetes \u00e0 drag\u00e9es \u00e9l\u00e9gantes : la touche finale dor\u00e9e pour vos cadeaux d'invit\u00e9s."},{"@type":"BreadcrumbList","@id":"https:\/\/paradisdesbonbons.com\/produit\/boite-a-dragees-coussin\/#breadcrumb","itemListElement":[{"@type":"ListItem","position":1,"name":"Home","item":"https:\/\/paradisdesbonbons.com\/"},{"@type":"ListItem","position":2,"name":"Shop","item":"https:\/\/paradisdesbonbons.com\/shop\/"},{"@type":"ListItem","position":3,"name":"Bo\u00eete \u00e0 Drag\u00e9es \u00ab\u00a0Coussin\u00a0\u00bb"}]},{"@type":"WebSite","@id":"https:\/\/paradisdesbonbons.com\/#website","url":"https:\/\/paradisdesbonbons.com\/","name":"Candy Paradise","description":"L\u00e0 o\u00f9 les douceurs font r\u00eaver","potentialAction":[{"@type":"SearchAction","target":{"@type":"EntryPoint","urlTemplate":"https:\/\/paradisdesbonbons.com\/?s={search_term_string}"},"query-input":{"@type":"PropertyValueSpecification","valueRequired":true,"valueName":"search_term_string"}}],"inLanguage":"en-US"}]}},"jetpack_publicize_connections":[],"jetpack_sharing_enabled":true,"_links":{"self":[{"href":"https:\/\/paradisdesbonbons.com\/en\/wp-json\/wp\/v2\/product\/1867","targetHints":{"allow":["GET"]}}],"collection":[{"href":"https:\/\/paradisdesbonbons.com\/en\/wp-json\/wp\/v2\/product"}],"about":[{"href":"https:\/\/paradisdesbonbons.com\/en\/wp-json\/wp\/v2\/types\/product"}],"replies":[{"embeddable":true,"href":"https:\/\/paradisdesbonbons.com\/en\/wp-json\/wp\/v2\/comments?post=1867"}],"version-history":[{"count":3,"href":"https:\/\/paradisdesbonbons.com\/en\/wp-json\/wp\/v2\/product\/1867\/revisions"}],"predecessor-version":[{"id":1949,"href":"https:\/\/paradisdesbonbons.com\/en\/wp-json\/wp\/v2\/product\/1867\/revisions\/1949"}],"wp:featuredmedia":[{"embeddable":true,"href":"https:\/\/paradisdesbonbons.com\/en\/wp-json\/wp\/v2\/media\/1868"}],"wp:attachment":[{"href":"https:\/\/paradisdesbonbons.com\/en\/wp-json\/wp\/v2\/media?parent=1867"}],"wp:term":[{"taxonomy":"product_brand","embeddable":true,"href":"https:\/\/paradisdesbonbons.com\/en\/wp-json\/wp\/v2\/product_brand?post=1867"},{"taxonomy":"product_cat","embeddable":true,"href":"https:\/\/paradisdesbonbons.com\/en\/wp-json\/wp\/v2\/product_cat?post=1867"},{"taxonomy":"product_tag","embeddable":true,"href":"https:\/\/paradisdesbonbons.com\/en\/wp-json\/wp\/v2\/product_tag?post=1867"}],"curies":[{"name":"wp","href":"https:\/\/api.w.org\/{rel}","templated":true}]}}