{"id":1873,"date":"2026-02-09T15:57:19","date_gmt":"2026-02-09T14:57:19","guid":{"rendered":"https:\/\/paradisdesbonbons.com\/?post_type=product&#038;p=1873"},"modified":"2026-03-12T14:03:39","modified_gmt":"2026-03-12T13:03:39","slug":"sachet-en-toile-de-jute-coeur","status":"publish","type":"product","link":"https:\/\/paradisdesbonbons.com\/en\/product\/sachet-en-toile-de-jute-coeur\/","title":{"rendered":"Sachet en Toile de Jute &#8220;C\u0153ur&#8221;"},"content":{"rendered":"","protected":false},"excerpt":{"rendered":"<p>Ajoutez une touche naturelle et chaleureuse \u00e0 vos tables de f\u00eate avec ce sachet en toile de jute. Chaque pochette de 10 x 14 cm est orn\u00e9e d&#8217;un d\u00e9licat motif c\u0153ur, parfait pour un mariage champ\u00eatre, un bapt\u00eame ou un anniversaire. Gr\u00e2ce \u00e0 leur lien de serrage pratique, ces petits sacs robustes et \u00e9cologiques sont parfaits pour offrir vos drag\u00e9es, chocolats ou petits cadeaux personnalis\u00e9s \u00e0 vos invit\u00e9s. Un accessoire de d\u00e9coration authentique qui s\u00e9duira par son charme rustique et sa finition soign\u00e9e.<\/p>","protected":false},"featured_media":1874,"comment_status":"open","ping_status":"closed","template":"","meta":{"jetpack_publicize_message":"","jetpack_publicize_feature_enabled":true,"jetpack_social_post_already_shared":false,"jetpack_social_options":{"image_generator_settings":{"template":"highway","default_image_id":0,"font":"","enabled":false},"version":2}},"product_brand":[],"product_cat":[126],"product_tag":[498,425,487,500,501,497,499,495,496],"class_list":{"0":"post-1873","1":"product","2":"type-product","3":"status-publish","4":"has-post-thumbnail","6":"product_cat-accessoires","7":"product_tag-bapteme-boheme","8":"product_tag-cadeau-invite","9":"product_tag-contenant-dragees","10":"product_tag-decoration-rustique","11":"product_tag-emballage-artisanal","12":"product_tag-mariage-champetre","13":"product_tag-pochette-coeur","14":"product_tag-sachet-dragees","15":"product_tag-toile-de-jute","17":"first","18":"instock","19":"shipping-taxable","20":"purchasable","21":"product-type-simple"},"yoast_head":"<!-- This site is optimized with the Yoast SEO plugin v27.4 - https:\/\/yoast.com\/product\/yoast-seo-wordpress\/ -->\n<title>Sachet en Toile de Jute &quot;C\u0153ur&quot; - Paradis des Bonbons<\/title>\n<meta name=\"robots\" content=\"index, follow, max-snippet:-1, max-image-preview:large, max-video-preview:-1\" \/>\n<link rel=\"canonical\" href=\"https:\/\/paradisdesbonbons.com\/en\/product\/sachet-en-toile-de-jute-coeur\/\" \/>\n<meta property=\"og:locale\" content=\"en_US\" \/>\n<meta property=\"og:type\" content=\"article\" \/>\n<meta property=\"og:title\" content=\"Sachet en Toile de Jute &quot;C\u0153ur&quot; - Paradis des Bonbons\" \/>\n<meta property=\"og:description\" content=\"Ajoutez une touche naturelle et chaleureuse \u00e0 vos tables de f\u00eate avec ce sachet en toile de jute. Chaque pochette de 10 x 14 cm est orn\u00e9e d&#039;un d\u00e9licat motif c\u0153ur, parfait pour un mariage champ\u00eatre, un bapt\u00eame ou un anniversaire. Gr\u00e2ce \u00e0 leur lien de serrage pratique, ces petits sacs robustes et \u00e9cologiques sont parfaits pour offrir vos drag\u00e9es, chocolats ou petits cadeaux personnalis\u00e9s \u00e0 vos invit\u00e9s. Un accessoire de d\u00e9coration authentique qui s\u00e9duira par son charme rustique et sa finition soign\u00e9e.\" \/>\n<meta property=\"og:url\" content=\"https:\/\/paradisdesbonbons.com\/en\/product\/sachet-en-toile-de-jute-coeur\/\" \/>\n<meta property=\"og:site_name\" content=\"Paradis des Bonbons\" \/>\n<meta property=\"article:modified_time\" content=\"2026-03-12T13:03:39+00:00\" \/>\n<meta property=\"og:image\" content=\"https:\/\/paradisdesbonbons.com\/wp-content\/uploads\/2026\/02\/sachets-toile-jute-coeur-dragees-mariage-bapteme.jpeg\" \/>\n\t<meta property=\"og:image:width\" content=\"619\" \/>\n\t<meta property=\"og:image:height\" content=\"1000\" \/>\n\t<meta property=\"og:image:type\" content=\"image\/jpeg\" \/>\n<meta name=\"twitter:card\" content=\"summary_large_image\" \/>\n<meta name=\"twitter:label1\" content=\"Est. reading time\" \/>\n\t<meta name=\"twitter:data1\" content=\"1 minute\" \/>\n<script type=\"application\/ld+json\" class=\"yoast-schema-graph\">{\"@context\":\"https:\\\/\\\/schema.org\",\"@graph\":[{\"@type\":\"WebPage\",\"@id\":\"https:\\\/\\\/paradisdesbonbons.com\\\/produit\\\/sachet-en-toile-de-jute-coeur\\\/\",\"url\":\"https:\\\/\\\/paradisdesbonbons.com\\\/produit\\\/sachet-en-toile-de-jute-coeur\\\/\",\"name\":\"Sachet en Toile de Jute \\\"C\u0153ur\\\" - Paradis des Bonbons\",\"isPartOf\":{\"@id\":\"https:\\\/\\\/paradisdesbonbons.com\\\/#website\"},\"primaryImageOfPage\":{\"@id\":\"https:\\\/\\\/paradisdesbonbons.com\\\/produit\\\/sachet-en-toile-de-jute-coeur\\\/#primaryimage\"},\"image\":{\"@id\":\"https:\\\/\\\/paradisdesbonbons.com\\\/produit\\\/sachet-en-toile-de-jute-coeur\\\/#primaryimage\"},\"thumbnailUrl\":\"https:\\\/\\\/paradisdesbonbons.com\\\/wp-content\\\/uploads\\\/2026\\\/02\\\/sachets-toile-jute-coeur-dragees-mariage-bapteme.jpeg\",\"datePublished\":\"2026-02-09T14:57:19+00:00\",\"dateModified\":\"2026-03-12T13:03:39+00:00\",\"breadcrumb\":{\"@id\":\"https:\\\/\\\/paradisdesbonbons.com\\\/produit\\\/sachet-en-toile-de-jute-coeur\\\/#breadcrumb\"},\"inLanguage\":\"en-US\",\"potentialAction\":[{\"@type\":\"ReadAction\",\"target\":[\"https:\\\/\\\/paradisdesbonbons.com\\\/produit\\\/sachet-en-toile-de-jute-coeur\\\/\"]}]},{\"@type\":\"ImageObject\",\"inLanguage\":\"en-US\",\"@id\":\"https:\\\/\\\/paradisdesbonbons.com\\\/produit\\\/sachet-en-toile-de-jute-coeur\\\/#primaryimage\",\"url\":\"https:\\\/\\\/paradisdesbonbons.com\\\/wp-content\\\/uploads\\\/2026\\\/02\\\/sachets-toile-jute-coeur-dragees-mariage-bapteme.jpeg\",\"contentUrl\":\"https:\\\/\\\/paradisdesbonbons.com\\\/wp-content\\\/uploads\\\/2026\\\/02\\\/sachets-toile-jute-coeur-dragees-mariage-bapteme.jpeg\",\"width\":619,\"height\":1000,\"caption\":\"Sachets en jute artisanaux : l'\u00e9crin authentique et romantique pour vos drag\u00e9es de c\u00e9r\u00e9monie.\"},{\"@type\":\"BreadcrumbList\",\"@id\":\"https:\\\/\\\/paradisdesbonbons.com\\\/produit\\\/sachet-en-toile-de-jute-coeur\\\/#breadcrumb\",\"itemListElement\":[{\"@type\":\"ListItem\",\"position\":1,\"name\":\"Home\",\"item\":\"https:\\\/\\\/paradisdesbonbons.com\\\/\"},{\"@type\":\"ListItem\",\"position\":2,\"name\":\"Shop\",\"item\":\"https:\\\/\\\/paradisdesbonbons.com\\\/shop\\\/\"},{\"@type\":\"ListItem\",\"position\":3,\"name\":\"Sachet en Toile de Jute \u00ab\u00a0C\u0153ur\u00a0\u00bb\"}]},{\"@type\":\"WebSite\",\"@id\":\"https:\\\/\\\/paradisdesbonbons.com\\\/#website\",\"url\":\"https:\\\/\\\/paradisdesbonbons.com\\\/\",\"name\":\"Paradis des Bonbons\",\"description\":\"L\u00e0 o\u00f9 les douceurs font r\u00eaver\",\"potentialAction\":[{\"@type\":\"SearchAction\",\"target\":{\"@type\":\"EntryPoint\",\"urlTemplate\":\"https:\\\/\\\/paradisdesbonbons.com\\\/?s={search_term_string}\"},\"query-input\":{\"@type\":\"PropertyValueSpecification\",\"valueRequired\":true,\"valueName\":\"search_term_string\"}}],\"inLanguage\":\"en-US\"}]}<\/script>\n<!-- \/ Yoast SEO plugin. -->","yoast_head_json":{"title":"Sachet en Toile de Jute \"C\u0153ur\" - Paradis des Bonbons","robots":{"index":"index","follow":"follow","max-snippet":"max-snippet:-1","max-image-preview":"max-image-preview:large","max-video-preview":"max-video-preview:-1"},"canonical":"https:\/\/paradisdesbonbons.com\/en\/product\/sachet-en-toile-de-jute-coeur\/","og_locale":"en_US","og_type":"article","og_title":"Sachet en Toile de Jute \"C\u0153ur\" - Paradis des Bonbons","og_description":"Ajoutez une touche naturelle et chaleureuse \u00e0 vos tables de f\u00eate avec ce sachet en toile de jute. Chaque pochette de 10 x 14 cm est orn\u00e9e d'un d\u00e9licat motif c\u0153ur, parfait pour un mariage champ\u00eatre, un bapt\u00eame ou un anniversaire. Gr\u00e2ce \u00e0 leur lien de serrage pratique, ces petits sacs robustes et \u00e9cologiques sont parfaits pour offrir vos drag\u00e9es, chocolats ou petits cadeaux personnalis\u00e9s \u00e0 vos invit\u00e9s. Un accessoire de d\u00e9coration authentique qui s\u00e9duira par son charme rustique et sa finition soign\u00e9e.","og_url":"https:\/\/paradisdesbonbons.com\/en\/product\/sachet-en-toile-de-jute-coeur\/","og_site_name":"Paradis des Bonbons","article_modified_time":"2026-03-12T13:03:39+00:00","og_image":[{"width":619,"height":1000,"url":"https:\/\/paradisdesbonbons.com\/wp-content\/uploads\/2026\/02\/sachets-toile-jute-coeur-dragees-mariage-bapteme.jpeg","type":"image\/jpeg"}],"twitter_card":"summary_large_image","twitter_misc":{"Est. reading time":"1 minute"},"schema":{"@context":"https:\/\/schema.org","@graph":[{"@type":"WebPage","@id":"https:\/\/paradisdesbonbons.com\/produit\/sachet-en-toile-de-jute-coeur\/","url":"https:\/\/paradisdesbonbons.com\/produit\/sachet-en-toile-de-jute-coeur\/","name":"Sachet en Toile de Jute \"C\u0153ur\" - Paradis des Bonbons","isPartOf":{"@id":"https:\/\/paradisdesbonbons.com\/#website"},"primaryImageOfPage":{"@id":"https:\/\/paradisdesbonbons.com\/produit\/sachet-en-toile-de-jute-coeur\/#primaryimage"},"image":{"@id":"https:\/\/paradisdesbonbons.com\/produit\/sachet-en-toile-de-jute-coeur\/#primaryimage"},"thumbnailUrl":"https:\/\/paradisdesbonbons.com\/wp-content\/uploads\/2026\/02\/sachets-toile-jute-coeur-dragees-mariage-bapteme.jpeg","datePublished":"2026-02-09T14:57:19+00:00","dateModified":"2026-03-12T13:03:39+00:00","breadcrumb":{"@id":"https:\/\/paradisdesbonbons.com\/produit\/sachet-en-toile-de-jute-coeur\/#breadcrumb"},"inLanguage":"en-US","potentialAction":[{"@type":"ReadAction","target":["https:\/\/paradisdesbonbons.com\/produit\/sachet-en-toile-de-jute-coeur\/"]}]},{"@type":"ImageObject","inLanguage":"en-US","@id":"https:\/\/paradisdesbonbons.com\/produit\/sachet-en-toile-de-jute-coeur\/#primaryimage","url":"https:\/\/paradisdesbonbons.com\/wp-content\/uploads\/2026\/02\/sachets-toile-jute-coeur-dragees-mariage-bapteme.jpeg","contentUrl":"https:\/\/paradisdesbonbons.com\/wp-content\/uploads\/2026\/02\/sachets-toile-jute-coeur-dragees-mariage-bapteme.jpeg","width":619,"height":1000,"caption":"Sachets en jute artisanaux : l'\u00e9crin authentique et romantique pour vos drag\u00e9es de c\u00e9r\u00e9monie."},{"@type":"BreadcrumbList","@id":"https:\/\/paradisdesbonbons.com\/produit\/sachet-en-toile-de-jute-coeur\/#breadcrumb","itemListElement":[{"@type":"ListItem","position":1,"name":"Home","item":"https:\/\/paradisdesbonbons.com\/"},{"@type":"ListItem","position":2,"name":"Shop","item":"https:\/\/paradisdesbonbons.com\/shop\/"},{"@type":"ListItem","position":3,"name":"Sachet en Toile de Jute \u00ab\u00a0C\u0153ur\u00a0\u00bb"}]},{"@type":"WebSite","@id":"https:\/\/paradisdesbonbons.com\/#website","url":"https:\/\/paradisdesbonbons.com\/","name":"Candy Paradise","description":"L\u00e0 o\u00f9 les douceurs font r\u00eaver","potentialAction":[{"@type":"SearchAction","target":{"@type":"EntryPoint","urlTemplate":"https:\/\/paradisdesbonbons.com\/?s={search_term_string}"},"query-input":{"@type":"PropertyValueSpecification","valueRequired":true,"valueName":"search_term_string"}}],"inLanguage":"en-US"}]}},"jetpack_publicize_connections":[],"jetpack_sharing_enabled":true,"_links":{"self":[{"href":"https:\/\/paradisdesbonbons.com\/en\/wp-json\/wp\/v2\/product\/1873","targetHints":{"allow":["GET"]}}],"collection":[{"href":"https:\/\/paradisdesbonbons.com\/en\/wp-json\/wp\/v2\/product"}],"about":[{"href":"https:\/\/paradisdesbonbons.com\/en\/wp-json\/wp\/v2\/types\/product"}],"replies":[{"embeddable":true,"href":"https:\/\/paradisdesbonbons.com\/en\/wp-json\/wp\/v2\/comments?post=1873"}],"version-history":[{"count":2,"href":"https:\/\/paradisdesbonbons.com\/en\/wp-json\/wp\/v2\/product\/1873\/revisions"}],"predecessor-version":[{"id":1956,"href":"https:\/\/paradisdesbonbons.com\/en\/wp-json\/wp\/v2\/product\/1873\/revisions\/1956"}],"wp:featuredmedia":[{"embeddable":true,"href":"https:\/\/paradisdesbonbons.com\/en\/wp-json\/wp\/v2\/media\/1874"}],"wp:attachment":[{"href":"https:\/\/paradisdesbonbons.com\/en\/wp-json\/wp\/v2\/media?parent=1873"}],"wp:term":[{"taxonomy":"product_brand","embeddable":true,"href":"https:\/\/paradisdesbonbons.com\/en\/wp-json\/wp\/v2\/product_brand?post=1873"},{"taxonomy":"product_cat","embeddable":true,"href":"https:\/\/paradisdesbonbons.com\/en\/wp-json\/wp\/v2\/product_cat?post=1873"},{"taxonomy":"product_tag","embeddable":true,"href":"https:\/\/paradisdesbonbons.com\/en\/wp-json\/wp\/v2\/product_tag?post=1873"}],"curies":[{"name":"wp","href":"https:\/\/api.w.org\/{rel}","templated":true}]}}