{"id":1891,"date":"2026-02-09T16:12:23","date_gmt":"2026-02-09T15:12:23","guid":{"rendered":"https:\/\/paradisdesbonbons.com\/?post_type=product&#038;p=1891"},"modified":"2026-03-12T13:59:47","modified_gmt":"2026-03-12T12:59:47","slug":"pochettes-en-organza-blanc","status":"publish","type":"product","link":"https:\/\/paradisdesbonbons.com\/en\/product\/pochettes-en-organza-blanc\/","title":{"rendered":"White Organza Pouches"},"content":{"rendered":"","protected":false},"excerpt":{"rendered":"<p>Sublimez vos cadeaux d&#8217;invit\u00e9s avec ces magnifiques pochettes en organza blanc de haute qualit\u00e9. Chaque sachet transparent laisse deviner la gourmandise de vos drag\u00e9es tout en offrant une finition luxueuse gr\u00e2ce \u00e0 son large n\u0153ud en satin blanc, orn\u00e9 d&#8217;une fleur d\u00e9licate et d&#8217;un strass scintillant. Id\u00e9ales pour un mariage romantique, une communion ou un bapt\u00eame, ces bonbonni\u00e8res peuvent \u00e9galement servir d&#8217;\u00e9crin pour des bijoux ou de petits souvenirs. Un choix raffin\u00e9 qui combine la l\u00e9g\u00e8ret\u00e9 de l&#8217;organza et le prestige d&#8217;une d\u00e9coration faite main.<\/p>","protected":false},"featured_media":1892,"comment_status":"open","ping_status":"closed","template":"","meta":{"jetpack_publicize_message":"","jetpack_publicize_feature_enabled":true,"jetpack_social_post_already_shared":false,"jetpack_social_options":{"image_generator_settings":{"template":"highway","default_image_id":0,"font":"","enabled":false},"version":2}},"product_brand":[],"product_cat":[126],"product_tag":[492,518,522,520,519,517,521,516,495],"class_list":{"0":"post-1891","1":"product","2":"type-product","3":"status-publish","4":"has-post-thumbnail","6":"product_cat-accessoires","7":"product_tag-accessoire-ceremonie","8":"product_tag-bapteme-chic","9":"product_tag-bonbonniere-elegante","10":"product_tag-cadeau-invite-prestige","11":"product_tag-contenant-bijoux","12":"product_tag-mariage-blanc","13":"product_tag-pochette-fleurie","14":"product_tag-pochette-organza","15":"product_tag-sachet-dragees","17":"first","18":"instock","19":"shipping-taxable","20":"purchasable","21":"product-type-simple"},"yoast_head":"<!-- This site is optimized with the Yoast SEO plugin v27.4 - https:\/\/yoast.com\/product\/yoast-seo-wordpress\/ -->\n<title>Pochettes en Organza Blanc - Paradis des Bonbons<\/title>\n<meta name=\"robots\" content=\"index, follow, max-snippet:-1, max-image-preview:large, max-video-preview:-1\" \/>\n<link rel=\"canonical\" href=\"https:\/\/paradisdesbonbons.com\/en\/product\/pochettes-en-organza-blanc\/\" \/>\n<meta property=\"og:locale\" content=\"en_US\" \/>\n<meta property=\"og:type\" content=\"article\" \/>\n<meta property=\"og:title\" content=\"Pochettes en Organza Blanc - Paradis des Bonbons\" \/>\n<meta property=\"og:description\" content=\"Sublimez vos cadeaux d&#039;invit\u00e9s avec ces magnifiques pochettes en organza blanc de haute qualit\u00e9. Chaque sachet transparent laisse deviner la gourmandise de vos drag\u00e9es tout en offrant une finition luxueuse gr\u00e2ce \u00e0 son large n\u0153ud en satin blanc, orn\u00e9 d&#039;une fleur d\u00e9licate et d&#039;un strass scintillant. Id\u00e9ales pour un mariage romantique, une communion ou un bapt\u00eame, ces bonbonni\u00e8res peuvent \u00e9galement servir d&#039;\u00e9crin pour des bijoux ou de petits souvenirs. Un choix raffin\u00e9 qui combine la l\u00e9g\u00e8ret\u00e9 de l&#039;organza et le prestige d&#039;une d\u00e9coration faite main.\" \/>\n<meta property=\"og:url\" content=\"https:\/\/paradisdesbonbons.com\/en\/product\/pochettes-en-organza-blanc\/\" \/>\n<meta property=\"og:site_name\" content=\"Paradis des Bonbons\" \/>\n<meta property=\"article:modified_time\" content=\"2026-03-12T12:59:47+00:00\" \/>\n<meta property=\"og:image\" content=\"https:\/\/paradisdesbonbons.com\/wp-content\/uploads\/2026\/02\/pochettes-organza-blanc-fleur-dragees-mariage-prestige.jpeg\" \/>\n\t<meta property=\"og:image:width\" content=\"1280\" \/>\n\t<meta property=\"og:image:height\" content=\"858\" \/>\n\t<meta property=\"og:image:type\" content=\"image\/jpeg\" \/>\n<meta name=\"twitter:card\" content=\"summary_large_image\" \/>\n<meta name=\"twitter:label1\" content=\"Est. reading time\" \/>\n\t<meta name=\"twitter:data1\" content=\"1 minute\" \/>\n<script type=\"application\/ld+json\" class=\"yoast-schema-graph\">{\"@context\":\"https:\\\/\\\/schema.org\",\"@graph\":[{\"@type\":\"WebPage\",\"@id\":\"https:\\\/\\\/paradisdesbonbons.com\\\/produit\\\/pochettes-en-organza-blanc\\\/\",\"url\":\"https:\\\/\\\/paradisdesbonbons.com\\\/produit\\\/pochettes-en-organza-blanc\\\/\",\"name\":\"Pochettes en Organza Blanc - Paradis des Bonbons\",\"isPartOf\":{\"@id\":\"https:\\\/\\\/paradisdesbonbons.com\\\/#website\"},\"primaryImageOfPage\":{\"@id\":\"https:\\\/\\\/paradisdesbonbons.com\\\/produit\\\/pochettes-en-organza-blanc\\\/#primaryimage\"},\"image\":{\"@id\":\"https:\\\/\\\/paradisdesbonbons.com\\\/produit\\\/pochettes-en-organza-blanc\\\/#primaryimage\"},\"thumbnailUrl\":\"https:\\\/\\\/paradisdesbonbons.com\\\/wp-content\\\/uploads\\\/2026\\\/02\\\/pochettes-organza-blanc-fleur-dragees-mariage-prestige.jpeg\",\"datePublished\":\"2026-02-09T15:12:23+00:00\",\"dateModified\":\"2026-03-12T12:59:47+00:00\",\"breadcrumb\":{\"@id\":\"https:\\\/\\\/paradisdesbonbons.com\\\/produit\\\/pochettes-en-organza-blanc\\\/#breadcrumb\"},\"inLanguage\":\"en-US\",\"potentialAction\":[{\"@type\":\"ReadAction\",\"target\":[\"https:\\\/\\\/paradisdesbonbons.com\\\/produit\\\/pochettes-en-organza-blanc\\\/\"]}]},{\"@type\":\"ImageObject\",\"inLanguage\":\"en-US\",\"@id\":\"https:\\\/\\\/paradisdesbonbons.com\\\/produit\\\/pochettes-en-organza-blanc\\\/#primaryimage\",\"url\":\"https:\\\/\\\/paradisdesbonbons.com\\\/wp-content\\\/uploads\\\/2026\\\/02\\\/pochettes-organza-blanc-fleur-dragees-mariage-prestige.jpeg\",\"contentUrl\":\"https:\\\/\\\/paradisdesbonbons.com\\\/wp-content\\\/uploads\\\/2026\\\/02\\\/pochettes-organza-blanc-fleur-dragees-mariage-prestige.jpeg\",\"width\":1280,\"height\":858,\"caption\":\"Pochettes Organza Prestige : l'\u00e9l\u00e9gance absolue pour vos drag\u00e9es de mariage et bapt\u00eame.\"},{\"@type\":\"BreadcrumbList\",\"@id\":\"https:\\\/\\\/paradisdesbonbons.com\\\/produit\\\/pochettes-en-organza-blanc\\\/#breadcrumb\",\"itemListElement\":[{\"@type\":\"ListItem\",\"position\":1,\"name\":\"Home\",\"item\":\"https:\\\/\\\/paradisdesbonbons.com\\\/\"},{\"@type\":\"ListItem\",\"position\":2,\"name\":\"Shop\",\"item\":\"https:\\\/\\\/paradisdesbonbons.com\\\/shop\\\/\"},{\"@type\":\"ListItem\",\"position\":3,\"name\":\"Pochettes en Organza Blanc\"}]},{\"@type\":\"WebSite\",\"@id\":\"https:\\\/\\\/paradisdesbonbons.com\\\/#website\",\"url\":\"https:\\\/\\\/paradisdesbonbons.com\\\/\",\"name\":\"Paradis des Bonbons\",\"description\":\"L\u00e0 o\u00f9 les douceurs font r\u00eaver\",\"potentialAction\":[{\"@type\":\"SearchAction\",\"target\":{\"@type\":\"EntryPoint\",\"urlTemplate\":\"https:\\\/\\\/paradisdesbonbons.com\\\/?s={search_term_string}\"},\"query-input\":{\"@type\":\"PropertyValueSpecification\",\"valueRequired\":true,\"valueName\":\"search_term_string\"}}],\"inLanguage\":\"en-US\"}]}<\/script>\n<!-- \/ Yoast SEO plugin. -->","yoast_head_json":{"title":"Pochettes en Organza Blanc - Paradis des Bonbons","robots":{"index":"index","follow":"follow","max-snippet":"max-snippet:-1","max-image-preview":"max-image-preview:large","max-video-preview":"max-video-preview:-1"},"canonical":"https:\/\/paradisdesbonbons.com\/en\/product\/pochettes-en-organza-blanc\/","og_locale":"en_US","og_type":"article","og_title":"Pochettes en Organza Blanc - Paradis des Bonbons","og_description":"Sublimez vos cadeaux d'invit\u00e9s avec ces magnifiques pochettes en organza blanc de haute qualit\u00e9. Chaque sachet transparent laisse deviner la gourmandise de vos drag\u00e9es tout en offrant une finition luxueuse gr\u00e2ce \u00e0 son large n\u0153ud en satin blanc, orn\u00e9 d'une fleur d\u00e9licate et d'un strass scintillant. Id\u00e9ales pour un mariage romantique, une communion ou un bapt\u00eame, ces bonbonni\u00e8res peuvent \u00e9galement servir d'\u00e9crin pour des bijoux ou de petits souvenirs. Un choix raffin\u00e9 qui combine la l\u00e9g\u00e8ret\u00e9 de l'organza et le prestige d'une d\u00e9coration faite main.","og_url":"https:\/\/paradisdesbonbons.com\/en\/product\/pochettes-en-organza-blanc\/","og_site_name":"Paradis des Bonbons","article_modified_time":"2026-03-12T12:59:47+00:00","og_image":[{"width":1280,"height":858,"url":"https:\/\/paradisdesbonbons.com\/wp-content\/uploads\/2026\/02\/pochettes-organza-blanc-fleur-dragees-mariage-prestige.jpeg","type":"image\/jpeg"}],"twitter_card":"summary_large_image","twitter_misc":{"Est. reading time":"1 minute"},"schema":{"@context":"https:\/\/schema.org","@graph":[{"@type":"WebPage","@id":"https:\/\/paradisdesbonbons.com\/produit\/pochettes-en-organza-blanc\/","url":"https:\/\/paradisdesbonbons.com\/produit\/pochettes-en-organza-blanc\/","name":"Pochettes en Organza Blanc - Paradis des Bonbons","isPartOf":{"@id":"https:\/\/paradisdesbonbons.com\/#website"},"primaryImageOfPage":{"@id":"https:\/\/paradisdesbonbons.com\/produit\/pochettes-en-organza-blanc\/#primaryimage"},"image":{"@id":"https:\/\/paradisdesbonbons.com\/produit\/pochettes-en-organza-blanc\/#primaryimage"},"thumbnailUrl":"https:\/\/paradisdesbonbons.com\/wp-content\/uploads\/2026\/02\/pochettes-organza-blanc-fleur-dragees-mariage-prestige.jpeg","datePublished":"2026-02-09T15:12:23+00:00","dateModified":"2026-03-12T12:59:47+00:00","breadcrumb":{"@id":"https:\/\/paradisdesbonbons.com\/produit\/pochettes-en-organza-blanc\/#breadcrumb"},"inLanguage":"en-US","potentialAction":[{"@type":"ReadAction","target":["https:\/\/paradisdesbonbons.com\/produit\/pochettes-en-organza-blanc\/"]}]},{"@type":"ImageObject","inLanguage":"en-US","@id":"https:\/\/paradisdesbonbons.com\/produit\/pochettes-en-organza-blanc\/#primaryimage","url":"https:\/\/paradisdesbonbons.com\/wp-content\/uploads\/2026\/02\/pochettes-organza-blanc-fleur-dragees-mariage-prestige.jpeg","contentUrl":"https:\/\/paradisdesbonbons.com\/wp-content\/uploads\/2026\/02\/pochettes-organza-blanc-fleur-dragees-mariage-prestige.jpeg","width":1280,"height":858,"caption":"Pochettes Organza Prestige : l'\u00e9l\u00e9gance absolue pour vos drag\u00e9es de mariage et bapt\u00eame."},{"@type":"BreadcrumbList","@id":"https:\/\/paradisdesbonbons.com\/produit\/pochettes-en-organza-blanc\/#breadcrumb","itemListElement":[{"@type":"ListItem","position":1,"name":"Home","item":"https:\/\/paradisdesbonbons.com\/"},{"@type":"ListItem","position":2,"name":"Shop","item":"https:\/\/paradisdesbonbons.com\/shop\/"},{"@type":"ListItem","position":3,"name":"Pochettes en Organza Blanc"}]},{"@type":"WebSite","@id":"https:\/\/paradisdesbonbons.com\/#website","url":"https:\/\/paradisdesbonbons.com\/","name":"Candy Paradise","description":"L\u00e0 o\u00f9 les douceurs font r\u00eaver","potentialAction":[{"@type":"SearchAction","target":{"@type":"EntryPoint","urlTemplate":"https:\/\/paradisdesbonbons.com\/?s={search_term_string}"},"query-input":{"@type":"PropertyValueSpecification","valueRequired":true,"valueName":"search_term_string"}}],"inLanguage":"en-US"}]}},"jetpack_publicize_connections":[],"jetpack_sharing_enabled":true,"_links":{"self":[{"href":"https:\/\/paradisdesbonbons.com\/en\/wp-json\/wp\/v2\/product\/1891","targetHints":{"allow":["GET"]}}],"collection":[{"href":"https:\/\/paradisdesbonbons.com\/en\/wp-json\/wp\/v2\/product"}],"about":[{"href":"https:\/\/paradisdesbonbons.com\/en\/wp-json\/wp\/v2\/types\/product"}],"replies":[{"embeddable":true,"href":"https:\/\/paradisdesbonbons.com\/en\/wp-json\/wp\/v2\/comments?post=1891"}],"version-history":[{"count":2,"href":"https:\/\/paradisdesbonbons.com\/en\/wp-json\/wp\/v2\/product\/1891\/revisions"}],"predecessor-version":[{"id":1952,"href":"https:\/\/paradisdesbonbons.com\/en\/wp-json\/wp\/v2\/product\/1891\/revisions\/1952"}],"wp:featuredmedia":[{"embeddable":true,"href":"https:\/\/paradisdesbonbons.com\/en\/wp-json\/wp\/v2\/media\/1892"}],"wp:attachment":[{"href":"https:\/\/paradisdesbonbons.com\/en\/wp-json\/wp\/v2\/media?parent=1891"}],"wp:term":[{"taxonomy":"product_brand","embeddable":true,"href":"https:\/\/paradisdesbonbons.com\/en\/wp-json\/wp\/v2\/product_brand?post=1891"},{"taxonomy":"product_cat","embeddable":true,"href":"https:\/\/paradisdesbonbons.com\/en\/wp-json\/wp\/v2\/product_cat?post=1891"},{"taxonomy":"product_tag","embeddable":true,"href":"https:\/\/paradisdesbonbons.com\/en\/wp-json\/wp\/v2\/product_tag?post=1891"}],"curies":[{"name":"wp","href":"https:\/\/api.w.org\/{rel}","templated":true}]}}